{"id":25515,"date":"2014-11-06T07:19:54","date_gmt":"2014-11-06T07:19:54","guid":{"rendered":"https:\/\/betes.bet\/bono-bet365\/"},"modified":"2023-07-13T22:59:01","modified_gmt":"2023-07-13T21:59:01","slug":"bono-bet365","status":"publish","type":"page","link":"https:\/\/betes.bet\/co\/bono-bet365\/","title":{"rendered":"\ud83e\udd47Funciones de bet365 para Apuestas"},"content":{"rendered":"\n<p>\u00bfQuieres empezar a apostar en <strong><a href=\"https:\/\/recor.to\/bet365bet\" target=\"_blank\" rel=\"noreferrer noopener nofollow sponsored\">bet365<\/a><\/strong> y todav\u00eda no sabes qu\u00e9 <strong>funciones <\/strong>ofrecen de cara a sus usuarios registrados? No son pocas las funcionalidades que encontrar\u00e1s a la hora de apostar en esta casa&#8230; y en este art\u00edculo resumen te hablaremos detenidamente sobre ellas. \u2b50<\/p>\n\n\n\n<p>Para intentar solucionar todas tus preguntas y respuestas sobre las funciones de <strong><a href=\"https:\/\/recor.to\/bet365bet\" target=\"_blank\" rel=\"noopener noreferrer nofollow sponsored\">bet365<\/a><\/strong>, hemos creado este reportaje desde <a href=\"https:\/\/betes.bet\/co\/\" target=\"_blank\" rel=\"noreferrer noopener\">Bet.es<\/a>. Esperemos poder solucionar todas tus dudas sobre bet365 y sus servicios para clientes registrados. <\/p>\n\n\n\n<iframe src=\"https:\/\/imstore.bet365affiliates.com\/365_378124-507-5-6-149-3-81667.aspx\" width=\"468\" height=\"60\" frameborder=\"0\" scrolling=\"no\" data-mce-fragment=\"1\">&amp;amp;amp;amp;amp;amp;lt;\/p><\/iframe><\/li><\/ul>\n\n\n<div class=\"su-note\"  style=\"border-color:#d2d2d2;\"><div class=\"su-note-inner su-u-clearfix su-u-trim\" style=\"background-color:#ececec;border-color:#ffffff;color:#000000;\">&nbsp;\u00bfTe gusta bet365? V\u00f3talo : <span id=\"post-ratings-25515\" class=\"post-ratings\" data-nonce=\"4c0f8b9077\"><img decoding=\"async\" id=\"rating_25515_1\" src=\"https:\/\/betes.bet\/wp-content\/plugins\/wp-postratings\/images\/stars_crystal\/rating_on.gif\" alt=\"1 estrella\" title=\"1 estrella\" onmouseover=\"current_rating(25515, 1, '1 estrella');\" onmouseout=\"ratings_off(4.9, 5, 0);\" onclick=\"rate_post();\" onkeypress=\"rate_post();\" style=\"cursor: pointer; border: 0px;\" \/><img decoding=\"async\" id=\"rating_25515_2\" src=\"https:\/\/betes.bet\/wp-content\/plugins\/wp-postratings\/images\/stars_crystal\/rating_on.gif\" alt=\"2 estrellas\" title=\"2 estrellas\" onmouseover=\"current_rating(25515, 2, '2 estrellas');\" onmouseout=\"ratings_off(4.9, 5, 0);\" onclick=\"rate_post();\" onkeypress=\"rate_post();\" style=\"cursor: pointer; border: 0px;\" \/><img decoding=\"async\" id=\"rating_25515_3\" src=\"https:\/\/betes.bet\/wp-content\/plugins\/wp-postratings\/images\/stars_crystal\/rating_on.gif\" alt=\"3 estrellas\" title=\"3 estrellas\" onmouseover=\"current_rating(25515, 3, '3 estrellas');\" onmouseout=\"ratings_off(4.9, 5, 0);\" onclick=\"rate_post();\" onkeypress=\"rate_post();\" style=\"cursor: pointer; border: 0px;\" \/><img decoding=\"async\" id=\"rating_25515_4\" src=\"https:\/\/betes.bet\/wp-content\/plugins\/wp-postratings\/images\/stars_crystal\/rating_on.gif\" alt=\"4 estrellas\" title=\"4 estrellas\" onmouseover=\"current_rating(25515, 4, '4 estrellas');\" onmouseout=\"ratings_off(4.9, 5, 0);\" onclick=\"rate_post();\" onkeypress=\"rate_post();\" style=\"cursor: pointer; border: 0px;\" \/><img decoding=\"async\" id=\"rating_25515_5\" src=\"https:\/\/betes.bet\/wp-content\/plugins\/wp-postratings\/images\/stars_crystal\/rating_half.gif\" alt=\"5 estrellas\" title=\"5 estrellas\" onmouseover=\"current_rating(25515, 5, '5 estrellas');\" onmouseout=\"ratings_off(4.9, 5, 0);\" onclick=\"rate_post();\" onkeypress=\"rate_post();\" style=\"cursor: pointer; border: 0px;\" \/> (<strong>13<\/strong> votos, promedio: <strong>4,92<\/strong> de 5)<br \/><span class=\"post-ratings-text\" id=\"ratings_25515_text\"><\/span><\/span><span id=\"post-ratings-25515-loading\" class=\"post-ratings-loading\"><img decoding=\"async\" src=\"https:\/\/betes.bet\/wp-content\/plugins\/wp-postratings\/images\/loading.gif\" width=\"16\" height=\"16\" class=\"post-ratings-image\" \/>Loading...<\/span> <\/div><\/div>\n\n\n\n<h2 class=\"wp-block-heading\" id=\"h-que-funciones-para-apostar-ofrece-bet365\">\u00bfQu\u00e9 funciones para apostar ofrece bet365?<\/h2>\n\n\n\n<p><a style=\"background-color: #ffffff;\" href=\"https:\/\/recor.to\/bet365bet\" target=\"_blank\" rel=\"noopener noreferrer nofollow sponsored\">bet365<\/a> es una de las casas de apuestas con m\u00e1s peso en el mercado mundial, siendo <strong>l\u00edderes y referentes en muchos pa\u00edses<\/strong>. Cuando creamos nuestra cuenta en un operador de juego tan grande solo esperamos ventajas y grandes funcionalidades, y bet365 aporta algunas muy interesantes. <\/p>\n\n\n\n<p>Dentro de este an\u00e1lisis review hablaremos de un total de <strong>cuatro funciones<\/strong> que est\u00e1n activas dentro de la web oficial de bet365 y disponibles para sus clientes registrados: <strong>Crear Apuesta<\/strong>, <strong>Cerrar Apuesta<\/strong>, <strong>Im\u00e1genes en directo de F\u00fatbol<\/strong> e <strong>Im\u00e1genes en directo de NBA<\/strong>. <\/p>\n\n\n\n<h2 class=\"wp-block-heading\" id=\"h-crear-apuesta-en-bet365\">Crear Apuesta en bet365<\/h2>\n\n\n\n<p>El servicio <strong>&#8216;Crear Apuesta&#8217;<\/strong> es una de las funciones m\u00e1s interesantes de <a href=\"https:\/\/recor.to\/bet365bet\" target=\"_blank\" rel=\"noreferrer noopener nofollow sponsored\">bet365<\/a> a la hora de realizar apuestas deportivas. Est\u00e1 destinado, sobre todo, a usuarios a los que les gusta apostar a combinadas, ya que b\u00e1sicamente lo que este servicio aporta es la posibilidad de realizar apuestas agrupando pron\u00f3sticos de un solo partido. <\/p>\n\n\n\n<p>Y es que, como quiz\u00e1 sepas, las apuestas combinadas normales te exigen que mezcles pron\u00f3sticos de partidos diferentes, pero el &#8216;Crear Apuesta&#8217; te permite construir una apuesta de hasta un <strong>m\u00e1ximo de 12 selecciones del mismo encuentro<\/strong>. Podr\u00e1s elegir entre mercados como &#8216;1\u00ba goleador&#8217;, &#8216;Ambos equipos anotar\u00e1n&#8217;, n\u00famero de c\u00f3rners&#8230;<\/p>\n\n\n\n<p>Adem\u00e1s, tambi\u00e9n podr\u00e1s <strong>combinar apuestas<\/strong> realizadas con el sistema &#8216;Crear Apuesta&#8217;. Por ejemplo, puedes hacer una apuesta de &#8216;Crear Apuesta&#8217; en la que se incluya una apuesta personalizada del Manchester United &#8211; Chelsea y otra apuesta para el Tottenham &#8211; Arsenal. <\/p>\n\n\n\n<h3 class=\"wp-block-heading\" id=\"h-como-utilizar-el-sistema-crear-apuesta\">C\u00f3mo utilizar el sistema &#8216;Crear Apuesta&#8217;<\/h3>\n\n\n\n<p>Para hacer uso de esta herramienta que permite construir una apuesta con varios pron\u00f3sticos de un mismo encuentro, lo \u00fanico que deber\u00e1s hacer es acceder al partido al que querr\u00e1s apostar. Acto seguido, selecciona la opci\u00f3n<strong> &#8216;Crear Apuesta&#8217; <\/strong>que encontrar\u00e1s en el encabezado y pulsa en<strong> &#8216;A\u00f1adir Selecci\u00f3n&#8217;<\/strong>. Posteriormente deber\u00e1s escoger tus mercados elegidos. Estos se ir\u00e1n a\u00f1adiendo a un cup\u00f3n de &#8216;Crear Apuesta&#8217; en el que se ir\u00e1n calculando las cuotas. Recuerda que puedes combinar hasta 12 selecciones en total. <\/p>\n\n\n\n<p class=\"has-text-align-center\"><a href=\"https:\/\/betes.bet\/co\/bono-william-hill\/\"><br>Registrate en bet365 con un solo click<br><\/a><\/p>\n\n\n\n<h2 class=\"wp-block-heading\" id=\"h-cerrar-apuesta-en-bet365\">Cerrar Apuesta en bet365<\/h2>\n\n\n\n<p>El segundo servicio del que venimos a hablarte de <a href=\"https:\/\/recor.to\/bet365bet\" target=\"_blank\" rel=\"noreferrer noopener nofollow sponsored\">bet365<\/a> es la herramienta<strong> &#8216;Cerrar Apuesta&#8217;<\/strong>, tambi\u00e9n conocida popularmente como <strong>Cash Out<\/strong>. Se trata de un cierre anticipado y voluntario que bet365 te dar\u00e1 la oportunidad de hacer con tus apuestas y que puede ser de gran utilidad para hacer uso de \u00e9l mientras est\u00e1 aconteciendo un evento deportivo. <\/p>\n\n\n\n<p>Sin duda, es un servicio que puede ser de <strong>mucha utilidad<\/strong>, independientemente de si est\u00e1s teniendo suerte con tu apuesta o si est\u00e1s sufriendo un resultado adverso. La raz\u00f3n de esto es que, si tu equipo va ganando y encaminado al triunfo, podr\u00e1s <strong>asegurar ganancias<\/strong> haciendo un cierre anticipado de la apuesta. Y si est\u00e1s teniendo mala suerte y las cosas no pintan bien para tu equipo, puedes realizar un cierre de apuesta para <strong>minimizar p\u00e9rdidas<\/strong> y recuperar parte de tu dinero apostado. <\/p>\n\n\n\n<p>Cerrar Apuesta es un sistema bastante completo que incluye dos opciones complementarias para utilizarlo de forma diferente. As\u00ed que podemos decir que adem\u00e1s del &#8216;Cerrar Apuesta&#8217; principal, que simplemente es dar una orden para realizar un cierre anticipado, hay otras dos formas de utilizar este servicio:<\/p>\n\n\n\n<ul>\n<li><strong>Cierre parcial<\/strong>: Se trata de un cierre de apuesta que se realiza teniendo en cuenta solamente una parte del valor de tu apuesta. Haciendo click en la rueda dentada de al lado de &#8216;Cerrar Apuesta&#8217; y posteriormente pulsando en cierre parcial podr\u00e1s introducir la cantidad de dinero que deseas cerrar. El resto, quedar\u00e1 determinada esperando al final del evento.&nbsp;<\/li>\n<li><strong>Auto Cierre<\/strong>: Da una orden a bet365 de cerrar la apuesta de forma autom\u00e1tica cuando esta llegue a un determinado valor. Para acceder a ella, pulsa en la rueda dentada que encontrar\u00e1s al lado de &#8216;Cerrar Apuesta&#8217;. Acto seguido, introduce el valor que deseas asegurar en caso de que tu apuesta llegue a cierta cantidad de ganancias y si durante el evento deportivo lo alcanza, se cerrar\u00e1 de forma autom\u00e1tica.&nbsp;<\/li>\n<\/ul>\n\n\n\n<h2 class=\"wp-block-heading\" id=\"h-futbol-imagenes-en-directo-en-bet365\">F\u00fatbol &#8211; Im\u00e1genes en Directo en bet365<\/h2>\n\n\n\n<p>bet365 ofrece un servicio muy distinguido para los clientes que apuestan en directo y esto queda bastante patente en el hecho de que ofrezca <strong>&#8216;Im\u00e1genes en directo&#8217;<\/strong> de las mejores competiciones nacionales europeas de <strong>f\u00fatbol<\/strong>. Podr\u00e1s seguir las im\u00e1genes en directo mediante <strong>PC<\/strong>, <strong>iPhone<\/strong>, <strong>iPad <\/strong>y <strong>Android<\/strong>. <\/p>\n\n\n\n<span id=\"tag20181105153401\"><\/span><script type=\"text\/javascript\" src=\"https:\/\/imstore.bet365affiliates.com\/PopulateText.aspx?AffiliateId=81667&amp;AffiliateCode=365_378124&amp;TagName=tag20181105153401&amp;CID=718&amp;PID=149&amp;LNG=3&amp;NewWindow=Y&amp;Mask=N\"><\/script><script type=\"text\/javascript\">document.getElementById('tag20181105153401').innerHTML = returnText_tag20181105153401();<\/script>\n\n\n\n<p>Es un requisito fundamental para poder ver el mejor f\u00fatbol en directo desde tu m\u00f3vil, tableta y PC disponer de fondos en tu cuenta o haber realizado una apuesta en las \u00faltimas <strong>24 horas<\/strong>. <\/p>\n\n\n\n<p>C\u00f3mo ver un evento en directo: <\/p>\n\n\n\n<ol>\n<li>Accede a tu cuenta de <a href=\"https:\/\/recor.to\/bet365bet\" target=\"_blank\" rel=\"noopener nofollow sponsored\">bet365<\/a> introduciendo tu nombre de usuario y contrase\u00f1a.&nbsp;<\/li>\n<li>Entra en el enlace &#8216;Directo&#8217; que ver\u00e1s en la parte superior de la pantalla de inicio.&nbsp;<\/li>\n<li>Entra en un encuentro en el que aparezca el icono &#8216;Reproducir&#8217;. Si has cumplido con los requisitos comentados anteriormente, el servicio &#8216;Im\u00e1genes en directo&#8217; aparecer\u00e1 de forma autom\u00e1tica.&nbsp;<\/li>\n<\/ol>\n<p>Para m\u00e1s informaci\u00f3n sobre c\u00f3mo hacerlo, <a href=\"https:\/\/betes.bet\/ver-futbol-en-directo-en-bet365\/\" target=\"_blank\" rel=\"noopener\">visita este art\u00edculo clicando aqu\u00ed.<\/a> Entre otras competiciones, podr\u00e1s ver partidos de f\u00fatbol de la <strong>Bundesliga<\/strong> (Alemania), la <strong>Serie A<\/strong> (Italia) y la <strong>Ligue 1<\/strong> (Francia)<\/p>\n\n\n\n<h2 class=\"wp-block-heading\" id=\"h-nba-imagenes-en-directo-en-bet365\">NBA &#8211; Im\u00e1genes en directo en bet365<\/h2>\n\n\n\n<p>El proceso que te hemos explicado previamente para ver <strong>&#8216;Im\u00e1genes en Directo&#8217; <\/strong>de f\u00fatbol en <a href=\"https:\/\/recor.to\/bet365bet\" target=\"_blank\" rel=\"noreferrer noopener nofollow sponsored\">bet365<\/a> tambi\u00e9n es v\u00e1lido para el baloncesto, concretamente para la NBA. <\/p>\n\n\n\n<p>En bet365 puedes seguir todos los partidos de la temporada de la <strong>NBA <\/strong>desde cualquier dispositivo. De esta forma, podr\u00e1s estar al tanto de todo lo que ocurra en la <strong>liga de baloncesto m\u00e1s grande del mundo<\/strong> y tendr\u00e1s mucha facilidad para apostar en directo. <\/p>\n\n\n\n<p>Recuerda que los requisitos para utilizar este sistema son los mismos que para ver im\u00e1genes en directo de f\u00fatbol. Simplemente deber\u00e1s estar registrado y disponer de fondos en tu cuenta o haber realizado una apuesta en las \u00faltimas 24 horas. <\/p>\n\n\n","protected":false},"excerpt":{"rendered":"<p>\u00bfQuieres empezar a apostar en bet365 y todav\u00eda no sabes qu\u00e9 funciones ofrecen de cara a sus usuarios registrados? No son pocas las funcionalidades que encontrar\u00e1s a la hora de apostar en esta casa&#8230; y en este art\u00edculo resumen te hablaremos detenidamente sobre ellas. \u2b50 Para intentar solucionar todas tus preguntas y respuestas sobre las &#8230; <a title=\"\ud83e\udd47Funciones de bet365 para Apuestas\" class=\"read-more\" href=\"https:\/\/betes.bet\/co\/bono-bet365\/\" aria-label=\"Read more about \ud83e\udd47Funciones de bet365 para Apuestas\">Leer mas<\/a><\/p>\n","protected":false},"author":7,"featured_media":0,"parent":0,"menu_order":33,"comment_status":"open","ping_status":"open","template":"","meta":{"_uag_custom_page_level_css":"","generate_page_header":"","footnotes":""},"class_list":["post-25515","page","type-page","status-publish"],"yoast_head":"<!-- This site is optimized with the Yoast SEO Premium plugin v27.1 (Yoast SEO v26.6) - https:\/\/yoast.com\/wordpress\/plugins\/seo\/ -->\n<title>\ud83e\udd47Dudas y preguntas sobre las funciones de Bet365 en el 2026<\/title>\n<meta name=\"description\" content=\"Funciones de bet365. Todo sobre los servicios &#039;Crear Apuesta&#039;, &#039;Cerrar Apuesta&#039; e &#039;Im\u00e1genes en directo&#039; de f\u00fatbol y NBA.\" \/>\n<meta name=\"robots\" content=\"index, follow, max-snippet:-1, max-image-preview:large, max-video-preview:-1\" \/>\n<link rel=\"canonical\" href=\"https:\/\/betes.bet\/co\/bono-bet365\/\" \/>\n<meta property=\"og:locale\" content=\"es_ES\" \/>\n<meta property=\"og:type\" content=\"article\" \/>\n<meta property=\"og:title\" content=\"\ud83e\udd47Dudas y preguntas sobre las funciones de Bet365 en el 2026\" \/>\n<meta property=\"og:description\" content=\"Funciones de bet365. Todo sobre los servicios &#039;Crear Apuesta&#039;, &#039;Cerrar Apuesta&#039; e &#039;Im\u00e1genes en directo&#039; de f\u00fatbol y NBA.\" \/>\n<meta property=\"og:url\" content=\"https:\/\/betes.bet\/co\/bono-bet365\/\" \/>\n<meta property=\"og:site_name\" content=\"Bet Es Bet - betes.bet\" \/>\n<meta property=\"article:modified_time\" content=\"2023-07-13T21:59:01+00:00\" \/>\n<meta name=\"twitter:card\" content=\"summary_large_image\" \/>\n<meta name=\"twitter:label1\" content=\"Tiempo de lectura\" \/>\n\t<meta name=\"twitter:data1\" content=\"5 minutos\" \/>\n<script type=\"application\/ld+json\" class=\"yoast-schema-graph\">{\"@context\":\"https:\/\/schema.org\",\"@graph\":[{\"@type\":\"WebPage\",\"@id\":\"https:\/\/betes.bet\/co\/bono-bet365\/\",\"url\":\"https:\/\/betes.bet\/co\/bono-bet365\/\",\"name\":\"\ud83e\udd47Dudas y preguntas sobre las funciones de Bet365 en el 2026\",\"isPartOf\":{\"@id\":\"https:\/\/betes.bet\/#website\"},\"datePublished\":\"2014-11-06T07:19:54+00:00\",\"dateModified\":\"2023-07-13T21:59:01+00:00\",\"description\":\"Funciones de bet365. Todo sobre los servicios 'Crear Apuesta', 'Cerrar Apuesta' e 'Im\u00e1genes en directo' de f\u00fatbol y NBA.\",\"breadcrumb\":{\"@id\":\"https:\/\/betes.bet\/co\/bono-bet365\/#breadcrumb\"},\"inLanguage\":\"es-CO\",\"potentialAction\":[{\"@type\":\"ReadAction\",\"target\":[\"https:\/\/betes.bet\/co\/bono-bet365\/\"]}]},{\"@type\":\"BreadcrumbList\",\"@id\":\"https:\/\/betes.bet\/co\/bono-bet365\/#breadcrumb\",\"itemListElement\":[{\"@type\":\"ListItem\",\"position\":1,\"name\":\"Portada\",\"item\":\"https:\/\/betes.bet\/\"},{\"@type\":\"ListItem\",\"position\":2,\"name\":\"\ud83e\udd47Funciones de bet365 para Apuestas\"}]},{\"@type\":\"WebSite\",\"@id\":\"https:\/\/betes.bet\/#website\",\"url\":\"https:\/\/betes.bet\/\",\"name\":\"Bet Es Bet - betes.bet\",\"description\":\"Bet - Todos los Bonos de Apuestas - Bet\",\"publisher\":{\"@id\":\"https:\/\/betes.bet\/#organization\"},\"potentialAction\":[{\"@type\":\"SearchAction\",\"target\":{\"@type\":\"EntryPoint\",\"urlTemplate\":\"https:\/\/betes.bet\/?s={search_term_string}\"},\"query-input\":{\"@type\":\"PropertyValueSpecification\",\"valueRequired\":true,\"valueName\":\"search_term_string\"}}],\"inLanguage\":\"es-CO\"},{\"@type\":\"Organization\",\"@id\":\"https:\/\/betes.bet\/#organization\",\"name\":\"Bet Es Bet - betes.bet\",\"url\":\"https:\/\/betes.bet\/\",\"logo\":{\"@type\":\"ImageObject\",\"inLanguage\":\"es-CO\",\"@id\":\"https:\/\/betes.bet\/#\/schema\/logo\/image\/\",\"url\":\"https:\/\/betes.bet\/wp-content\/uploads\/2021\/09\/cropped-betesbet.png\",\"contentUrl\":\"https:\/\/betes.bet\/wp-content\/uploads\/2021\/09\/cropped-betesbet.png\",\"width\":361,\"height\":78,\"caption\":\"Bet Es Bet - betes.bet\"},\"image\":{\"@id\":\"https:\/\/betes.bet\/#\/schema\/logo\/image\/\"}}]}<\/script>\n<!-- \/ Yoast SEO Premium plugin. -->","yoast_head_json":{"title":"\ud83e\udd47Dudas y preguntas sobre las funciones de Bet365 en el 2026","description":"Funciones de bet365. Todo sobre los servicios 'Crear Apuesta', 'Cerrar Apuesta' e 'Im\u00e1genes en directo' de f\u00fatbol y NBA.","robots":{"index":"index","follow":"follow","max-snippet":"max-snippet:-1","max-image-preview":"max-image-preview:large","max-video-preview":"max-video-preview:-1"},"canonical":"https:\/\/betes.bet\/co\/bono-bet365\/","og_locale":"es_ES","og_type":"article","og_title":"\ud83e\udd47Dudas y preguntas sobre las funciones de Bet365 en el 2026","og_description":"Funciones de bet365. Todo sobre los servicios 'Crear Apuesta', 'Cerrar Apuesta' e 'Im\u00e1genes en directo' de f\u00fatbol y NBA.","og_url":"https:\/\/betes.bet\/co\/bono-bet365\/","og_site_name":"Bet Es Bet - betes.bet","article_modified_time":"2023-07-13T21:59:01+00:00","twitter_card":"summary_large_image","twitter_misc":{"Tiempo de lectura":"5 minutos"},"schema":{"@context":"https:\/\/schema.org","@graph":[{"@type":"WebPage","@id":"https:\/\/betes.bet\/co\/bono-bet365\/","url":"https:\/\/betes.bet\/co\/bono-bet365\/","name":"\ud83e\udd47Dudas y preguntas sobre las funciones de Bet365 en el 2026","isPartOf":{"@id":"https:\/\/betes.bet\/#website"},"datePublished":"2014-11-06T07:19:54+00:00","dateModified":"2023-07-13T21:59:01+00:00","description":"Funciones de bet365. Todo sobre los servicios 'Crear Apuesta', 'Cerrar Apuesta' e 'Im\u00e1genes en directo' de f\u00fatbol y NBA.","breadcrumb":{"@id":"https:\/\/betes.bet\/co\/bono-bet365\/#breadcrumb"},"inLanguage":"es-CO","potentialAction":[{"@type":"ReadAction","target":["https:\/\/betes.bet\/co\/bono-bet365\/"]}]},{"@type":"BreadcrumbList","@id":"https:\/\/betes.bet\/co\/bono-bet365\/#breadcrumb","itemListElement":[{"@type":"ListItem","position":1,"name":"Portada","item":"https:\/\/betes.bet\/"},{"@type":"ListItem","position":2,"name":"\ud83e\udd47Funciones de bet365 para Apuestas"}]},{"@type":"WebSite","@id":"https:\/\/betes.bet\/#website","url":"https:\/\/betes.bet\/","name":"Bet Es Bet - betes.bet","description":"Bet - Todos los Bonos de Apuestas - Bet","publisher":{"@id":"https:\/\/betes.bet\/#organization"},"potentialAction":[{"@type":"SearchAction","target":{"@type":"EntryPoint","urlTemplate":"https:\/\/betes.bet\/?s={search_term_string}"},"query-input":{"@type":"PropertyValueSpecification","valueRequired":true,"valueName":"search_term_string"}}],"inLanguage":"es-CO"},{"@type":"Organization","@id":"https:\/\/betes.bet\/#organization","name":"Bet Es Bet - betes.bet","url":"https:\/\/betes.bet\/","logo":{"@type":"ImageObject","inLanguage":"es-CO","@id":"https:\/\/betes.bet\/#\/schema\/logo\/image\/","url":"https:\/\/betes.bet\/wp-content\/uploads\/2021\/09\/cropped-betesbet.png","contentUrl":"https:\/\/betes.bet\/wp-content\/uploads\/2021\/09\/cropped-betesbet.png","width":361,"height":78,"caption":"Bet Es Bet - betes.bet"},"image":{"@id":"https:\/\/betes.bet\/#\/schema\/logo\/image\/"}}]}},"uagb_featured_image_src":{"full":false,"thumbnail":false,"medium":false,"medium_large":false,"large":false,"1536x1536":false,"2048x2048":false},"uagb_author_info":{"display_name":"Jon","author_link":"https:\/\/betes.bet\/co\/author\/jon\/"},"uagb_comment_info":0,"uagb_excerpt":"\u00bfQuieres empezar a apostar en bet365 y todav\u00eda no sabes qu\u00e9 funciones ofrecen de cara a sus usuarios registrados? No son pocas las funcionalidades que encontrar\u00e1s a la hora de apostar en esta casa&#8230; y en este art\u00edculo resumen te hablaremos detenidamente sobre ellas. \u2b50 Para intentar solucionar todas tus preguntas y respuestas sobre las&hellip;","_links":{"self":[{"href":"https:\/\/betes.bet\/co\/wp-json\/wp\/v2\/pages\/25515","targetHints":{"allow":["GET"]}}],"collection":[{"href":"https:\/\/betes.bet\/co\/wp-json\/wp\/v2\/pages"}],"about":[{"href":"https:\/\/betes.bet\/co\/wp-json\/wp\/v2\/types\/page"}],"author":[{"embeddable":true,"href":"https:\/\/betes.bet\/co\/wp-json\/wp\/v2\/users\/7"}],"replies":[{"embeddable":true,"href":"https:\/\/betes.bet\/co\/wp-json\/wp\/v2\/comments?post=25515"}],"version-history":[{"count":2,"href":"https:\/\/betes.bet\/co\/wp-json\/wp\/v2\/pages\/25515\/revisions"}],"predecessor-version":[{"id":89191,"href":"https:\/\/betes.bet\/co\/wp-json\/wp\/v2\/pages\/25515\/revisions\/89191"}],"wp:attachment":[{"href":"https:\/\/betes.bet\/co\/wp-json\/wp\/v2\/media?parent=25515"}],"curies":[{"name":"wp","href":"https:\/\/api.w.org\/{rel}","templated":true}]}}