{"id":24338,"date":"2016-09-21T14:20:08","date_gmt":"2016-09-21T13:20:08","guid":{"rendered":"https:\/\/betes.bet\/bono-william-hill\/"},"modified":"2022-12-03T06:51:12","modified_gmt":"2022-12-03T05:51:12","slug":"bono-william-hill","status":"publish","type":"page","link":"https:\/\/betes.bet\/pt-br\/bono-william-hill\/","title":{"rendered":"B\u00f4nus de Boas-Vindas da William Hill 150\u20ac GR\u00c1TIS"},"content":{"rendered":"\t\t<div data-elementor-type=\"wp-post\" data-elementor-id=\"24338\" class=\"elementor elementor-24338 elementor-bc-flex-widget\" data-elementor-post-type=\"page\">\n\t\t\t\t\t\t<section class=\"elementor-section elementor-top-section elementor-element elementor-element-6bee4044 elementor-section-boxed elementor-section-height-default elementor-section-height-default\" data-id=\"6bee4044\" data-element_type=\"section\">\n\t\t\t\t\t\t<div class=\"elementor-container elementor-column-gap-default\">\n\t\t\t\t\t<div class=\"elementor-column elementor-col-100 elementor-top-column elementor-element elementor-element-69680c02\" data-id=\"69680c02\" data-element_type=\"column\">\n\t\t\t<div class=\"elementor-widget-wrap elementor-element-populated\">\n\t\t\t\t\t\t<div class=\"elementor-element elementor-element-5c6defed elementor-widget elementor-widget-text-editor\" data-id=\"5c6defed\" data-element_type=\"widget\" data-widget_type=\"text-editor.default\">\n\t\t\t\t<div class=\"elementor-widget-container\">\n\t\t\t\t\t\t\t\t\t<p><strong>A William Hill tem mais de 80 anos de experi\u00eancia e \u00e9 a casa de apostas mais recomendada pelos jogadores brasileiros por sua vasta oferta de apostas e excelentes odds<\/strong>.\u00a0Por isso, se voc\u00ea ainda n\u00e3o tem uma conta nesta plataforma, recomendamos que voc\u00ea se registre com o c\u00f3digo ESP150 e assim voc\u00ea pode <a href=\"https:\/\/recor.to\/willhillbet\" target=\"_blank\" rel=\"noopener nofollow sponsored\">obter at\u00e9 150\u20ac em tr\u00eas apostas gr\u00e1tis<\/a>. \u00bfMas como obtenho este b\u00f4nus de boas-vindas? \ud83d\udd14 \ud83d\udd14 \ud83d\udd14 \ud83d\udd14 \ud83d\udd14<\/p><h2><a href=\"https:\/\/recor.to\/willhillbet\" target=\"_blank\" rel=\"noopener nofollow sponsored\">At\u00e9 150\u20ac gr\u00e1tis para se registrar na William Hill<\/a><\/h2><p><a href=\"https:\/\/recor.to\/willhillbet\" target=\"_blank\" rel=\"noopener nofollow sponsored\"><img fetchpriority=\"high\" decoding=\"async\" class=\"aligncenter wp-image-26986 size-full\" src=\"https:\/\/betes.bet\/wp-content\/uploads\/2019\/02\/bono-william-hill.jpg\" alt=\"Tudo sobre o b\u00f3nus de boas-vindas da William Hill. Registre-se com o c\u00f3digo promocional e receba at\u00e9 150\u20ac em tr\u00eas apostas gr\u00e1tis.\" width=\"874\" height=\"205\" srcset=\"https:\/\/betes.bet\/wp-content\/uploads\/2019\/02\/bono-william-hill.jpg 874w, https:\/\/betes.bet\/wp-content\/uploads\/2019\/02\/bono-william-hill-300x70.jpg 300w\" sizes=\"(max-width: 874px) 100vw, 874px\" \/><\/a><\/p><p><strong>Estes s\u00e3o os passos que voc\u00ea deve fazer para conseguir 150\u20ac para apostar na William Hill<\/strong>. Avizamos que a concess\u00e3o deste dinheiro \u00e9 em tr\u00eas quotas, em tr\u00eas apostas gr\u00e1tis.<\/p><ol><li><strong><a href=\"https:\/\/recor.to\/willhillbet\" target=\"_blank\" rel=\"noopener nofollow sponsored\">Clique aqui<\/a> e preencha o formul\u00e1rio de registro e digite o c\u00f3digo ESP150<\/strong>.<\/li><li><strong>Fa\u00e7a o seu primeiro dep\u00f3sito<\/strong>, mas n\u00e3o use Moneybookers \/ Skrill, Paysafecard ou Neteller para isso se voc\u00ea quiser acessar neste b\u00f4nus. Voc\u00ea pode\u00a0<a href=\"https:\/\/betes.bet\/metodos-de-pago-de-william-hill-como-meter-sacar-dinero\/\" target=\"_blank\" rel=\"noopener\">verificar aqui, que os outros m\u00e9todos de pagamento da conta na William Hill<\/a> s\u00e3o compat\u00edveis com esta promo\u00e7\u00e3o de boas-vindas.<\/li><li><strong>Fa\u00e7a sua primeira aposta de 5\u20ac ou mais com odds de 1.50 <\/strong>ou maiores.<\/li><li><strong>A William Hill conceder\u00e1 uma aposta gr\u00e1tis de at\u00e9 50\u20ac, 50% da sua primeira aposta<\/strong>.<\/li><li><strong>Fa\u00e7a pelo menos cinco apostas com odds de 1.50 ou mais e por valor de 250\u20ac ou mais<\/strong> dentro de um per\u00edodo m\u00e1ximo de trinta dias a partir da data da primeira aposta.<\/li><li><strong>Nas 24 horas seguintes \u00e0 valida\u00e7\u00e3o da \u00faltima das cinco apostas necess\u00e1rias, a William Hill conceder\u00e1 a segunda parte do b\u00f4nus, at\u00e9 \u20ac100<\/strong> tamb\u00e9m para apostas gr\u00e1tis.<\/li><\/ol><h2 style=\"font-family: Roboto, sans-serif; font-style: normal;\">Tudo sobre a oferta da William Hill<\/h2><p>Esta oferta \u00e9 v\u00e1lida apenas para novos clientes residentes no Brasil e que fizerem seu primeiro dep\u00f3sito na p\u00e1gina de esportes. Depois de ter feito a sua primeira aposta, receber\u00e1 o seu b\u00f4nus igual a 50% at\u00e9 um m\u00e1ximo de 50\u20ac na forma de aposta gr\u00e1tis ou free bet. Nesta aposta voc\u00ea n\u00e3o pode usar a fun\u00e7\u00e3o &#8216;Cobrar minha aposta&#8217;.<\/p><p>Como j\u00e1 indicamos,<strong> para receber seu b\u00f4nus ESP150, sua primeira aposta deve ser de 5\u20ac no m\u00ednimo e uma odd de 1.50 o superior<\/strong>, que pode ser simples e m\u00faltipla. No momento em que voc\u00ea fizer sua primeira aposta que atenda aos requisitos acima, voc\u00ea receber\u00e1 sua aposta gr\u00e1tis e poder\u00e1 us\u00e1-la em qualquer evento e mercado, que expire trinta dias ap\u00f3s sua concess\u00e3o.<\/p><h3>Mais Ofertas<\/h3><p>Mas voc\u00ea ainda<strong> pode receber outros 100\u20ac. Para fazer isso voc\u00ea deve fazer pelo menos cinco apostas adicionais, entre as quais dever\u00e1 adicionar uma quantia igual ou superior a \u20ac250, e as chances de cada uma das apostas s\u00e3o de 1.50 ou superior<\/strong>. Voc\u00ea tem um tempo limitado, trinta dias a partir do momento em que voc\u00ea fez sua primeira aposta. Se neste per\u00edodo voc\u00ea n\u00e3o tiver feito as apostas necess\u00e1rias, voc\u00ea n\u00e3o receber\u00e1 a segunda parte do b\u00f4nus, as duas apostas gr\u00e1tis de 50\u20ac cada uma.<\/p><p>Nesta ocasi\u00e3o, voc\u00ea receber\u00e1 apostas gr\u00e1tis, cada uma delas de 50\u20ac, que podem estar dispon\u00edveis por 15 dias, para valid\u00e1-las em qualquer evento esportivo, se voc\u00ea n\u00e3o utiliza as duas apostas gr\u00e1tis neste per\u00edodo voc\u00ea perder\u00e1 elas.<\/p><p><a href=\"https:\/\/recor.to\/willhillbet\" target=\"_blank\" rel=\"noopener nofollow sponsored\"><img decoding=\"async\" class=\"aligncenter wp-image-27003 size-full\" src=\"https:\/\/betes.bet\/wp-content\/uploads\/2019\/02\/william_hil_banner.jpg\" alt=\"Reg\u00edstre-se e receba um b\u00f4nus de boas-vindas para apostar gr\u00e1tis.\" width=\"800\" height=\"450\" srcset=\"https:\/\/betes.bet\/wp-content\/uploads\/2019\/02\/william_hil_banner.jpg 800w, https:\/\/betes.bet\/wp-content\/uploads\/2019\/02\/william_hil_banner-300x169.jpg 300w\" sizes=\"(max-width: 800px) 100vw, 800px\" \/><\/a><\/p><p style=\"text-align: center;\"><div class=\"su-note\"  style=\"border-color:#d2d2d2;\"><div class=\"su-note-inner su-u-clearfix su-u-trim\" style=\"background-color:#ececec;border-color:#ffffff;color:#000000;\">\u00a0\u00bfVoc\u00ea gosta do b\u00f4nus da William Hill?? Vote : <span id=\"post-ratings-24338\" class=\"post-ratings\" data-nonce=\"f913395d6c\"><img decoding=\"async\" id=\"rating_24338_1\" src=\"https:\/\/betes.bet\/wp-content\/plugins\/wp-postratings\/images\/stars_crystal\/rating_on.gif\" alt=\"1 estrella\" title=\"1 estrella\" onmouseover=\"current_rating(24338, 1, '1 estrella');\" onmouseout=\"ratings_off(4, 0, 0);\" onclick=\"rate_post();\" onkeypress=\"rate_post();\" style=\"cursor: pointer; border: 0px;\" \/><img decoding=\"async\" id=\"rating_24338_2\" src=\"https:\/\/betes.bet\/wp-content\/plugins\/wp-postratings\/images\/stars_crystal\/rating_on.gif\" alt=\"2 estrellas\" title=\"2 estrellas\" onmouseover=\"current_rating(24338, 2, '2 estrellas');\" onmouseout=\"ratings_off(4, 0, 0);\" onclick=\"rate_post();\" onkeypress=\"rate_post();\" style=\"cursor: pointer; border: 0px;\" \/><img decoding=\"async\" id=\"rating_24338_3\" src=\"https:\/\/betes.bet\/wp-content\/plugins\/wp-postratings\/images\/stars_crystal\/rating_on.gif\" alt=\"3 estrellas\" title=\"3 estrellas\" onmouseover=\"current_rating(24338, 3, '3 estrellas');\" onmouseout=\"ratings_off(4, 0, 0);\" onclick=\"rate_post();\" onkeypress=\"rate_post();\" style=\"cursor: pointer; border: 0px;\" \/><img decoding=\"async\" id=\"rating_24338_4\" src=\"https:\/\/betes.bet\/wp-content\/plugins\/wp-postratings\/images\/stars_crystal\/rating_on.gif\" alt=\"4 estrellas\" title=\"4 estrellas\" onmouseover=\"current_rating(24338, 4, '4 estrellas');\" onmouseout=\"ratings_off(4, 0, 0);\" onclick=\"rate_post();\" onkeypress=\"rate_post();\" style=\"cursor: pointer; border: 0px;\" \/><img decoding=\"async\" id=\"rating_24338_5\" src=\"https:\/\/betes.bet\/wp-content\/plugins\/wp-postratings\/images\/stars_crystal\/rating_off.gif\" alt=\"5 estrellas\" title=\"5 estrellas\" onmouseover=\"current_rating(24338, 5, '5 estrellas');\" onmouseout=\"ratings_off(4, 0, 0);\" onclick=\"rate_post();\" onkeypress=\"rate_post();\" style=\"cursor: pointer; border: 0px;\" \/> (<strong>1<\/strong> votos, promedio: <strong>4,00<\/strong> de 5)<br \/><span class=\"post-ratings-text\" id=\"ratings_24338_text\"><\/span><\/span><span id=\"post-ratings-24338-loading\" class=\"post-ratings-loading\"><img decoding=\"async\" src=\"https:\/\/betes.bet\/wp-content\/plugins\/wp-postratings\/images\/loading.gif\" width=\"16\" height=\"16\" class=\"post-ratings-image\" \/>Loading&#8230;<\/span> <\/div><\/div><\/p><p><strong>Resumindo, para receber o total do b\u00f4nus voc\u00ea deve ter feito um m\u00ednimo de seis apostas (a primeira mais cinco outras)<\/strong>.\u00a0A primeira aposta lhe oferece o direito a um b\u00f4nus de 50% da sua primeira aposta de at\u00e9 50\u20ac. Um fator importante \u00e9 que voc\u00ea n\u00e3o tem que fazer estritamente cinco apostas por valor de 250\u20ac para acessar a segunda fase deste b\u00f4nus,\u00a0<\/p><p>mas voc\u00ea pode fazer quantas apostas voc\u00ea precisar, e elas ser\u00e3o pelo menos cinco, mas se voc\u00ea executar mais de cinco apostas, voc\u00ea qualificar\u00e1 para obter as duas apostas gr\u00e1tis (free bets) de 50\u20ac em jogo, sempre e quando voc\u00ea fa\u00e7a apostas com uma quota m\u00ednima de 1.50 e sejam validadas no prazo de 30 dias a partir do momento em que voc\u00ea fez a primeira aposta. Al\u00e9m disso, se voc\u00ea fizer mais de uma aposta para a mesma sele\u00e7\u00e3o, voc\u00ea s\u00f3 qualificar\u00e1 uma para atingir os requisitos da segunda parte do b\u00f4nus.<\/p><h2 style=\"font-family: Roboto, sans-serif; font-style: normal;\">L\u00f3gica das apostas<\/h2><p>Como \u00e9 l\u00f3gico, apenas as apostas colocadas com dinheiro real s\u00e3o qualificadas, isto significa que se voc\u00ea validou uma aposta com dinheiro do b\u00f4nus ou uma aposta gr\u00e1tis (free bet), essa sele\u00e7\u00e3o n\u00e3o ser\u00e1 considerada para a realiza\u00e7\u00e3o desta promo\u00e7\u00e3o. Neste sentido, lembre-se de que as apostas qualificadas devem cumprir determinados requisitos, como ter uma quota igual ou maior a 1.5, e se voc\u00ea tiver feito uma aposta m\u00faltipla, somente ser\u00e1 considerada se pelo menos uma das sele\u00e7\u00f5es tiver uma odd m\u00ednima de 1.50.<\/p><p><a href=\"https:\/\/recor.to\/willhillbet\" target=\"_blank\" rel=\"noopener nofollow sponsored\"><img loading=\"lazy\" decoding=\"async\" class=\"size-full wp-image-27009 aligncenter\" src=\"https:\/\/betes.bet\/wp-content\/uploads\/2019\/02\/william-hill-screenshot-pt.jpg\" alt=\"Leia os termos e condi\u00e7\u00f5es antes de se cadastrar para come\u00e7ar a apostar.\" width=\"960\" height=\"571\" srcset=\"https:\/\/betes.bet\/wp-content\/uploads\/2019\/02\/william-hill-screenshot-pt.jpg 960w, https:\/\/betes.bet\/wp-content\/uploads\/2019\/02\/william-hill-screenshot-pt-300x178.jpg 300w\" sizes=\"(max-width: 960px) 100vw, 960px\" \/><\/a><\/p><p>Por outra parte, se voc\u00ea usar a op\u00e7\u00e3o &#8220;Cobrar minha aposta&#8221;, essa aposta n\u00e3o se qualificar\u00e1 para esta promo\u00e7\u00e3o, tanto para as apostas anuladas e canceladas.<\/p><p>Evidentemente, esta oferta, como acontece em todas as boas-vindas de qualquer casa de apostas, \u00e9 <strong>exclusiva para novos clientes<\/strong> que nunca antes jogaram com a William Hill. Tamb\u00e9m \u00e9 exclusivo para residentes no Brasil, \u00e9 limitado a um por usu\u00e1rio, conta de jogo, endere\u00e7o, cart\u00e3o de cr\u00e9dito, e-mail, n\u00famero de telefone e endere\u00e7o IP.<\/p><h2>Tudo sobre as apostas gr\u00e1tis da William Hill<\/h2><p>J\u00e1 coment\u00e1mos que este <a href=\"https:\/\/recor.to\/willhillbet\" target=\"_blank\" rel=\"noopener nofollow sponsored\">b\u00f4nus de boas-vindas da William Hill<\/a> \u00e9 pago sob a forma de apostas gr\u00e1tis, em tr\u00eas em particular, e a quantia m\u00e1xima do b\u00f4nus que pode ser obtida \u00e9 de 150\u20ac. Em rela\u00e7\u00e3o \u00e0s apostas gratuitas desta promo\u00e7\u00e3o, voc\u00ea deve saber que:<\/p><ul><li><strong>Estas apostas gr\u00e1tis podem ser trocadas em qualquer evento esportivo.<\/strong>.<\/li><li>As apostas gr\u00e1tis n\u00e3o s\u00e3o reembols\u00e1veis..<\/li><li>Ao apostar com a aposta gr\u00e1tis voc\u00ea s\u00f3 <strong>receber\u00e1 o valor dos ganhos l\u00edquidos<\/strong>, ou seja, voc\u00ea deve descontar a quantia jogada.<\/li><li><strong>Voc\u00ea n\u00e3o pode fragmentar<\/strong> as apostas gr\u00e1tis, voc\u00ea deve apostar pelo seu valor total. Se voc\u00ea apostar por uma fra\u00e7\u00e3o do total, voc\u00ea n\u00e3o receber\u00e1 outra aposta gr\u00e1tis pela diferen\u00e7a.<\/li><\/ul><p style=\"text-align: center;\"><iframe src=\"\/\/www.youtube.com\/embed\/yXpCN-qoBos\" width=\"560\" height=\"314\" allowfullscreen=\"allowfullscreen\"><\/iframe><\/p><p>Voc\u00ea j\u00e1 conhece em detalhes os passos que deve seguir para ter acesso a esta promo\u00e7\u00e3o de boas-vindas da William Hill, com a qual voc\u00ea pode\u00a0receber\u00a0<a href=\"https:\/\/recor.to\/willhillbet\" target=\"_blank\" rel=\"noopener nofollow sponsored\">at\u00e9 150\u20ac em tr\u00eas apostas gr\u00e1tis se voc\u00ea se registrar aqui<\/a>.<\/p><p>No entanto, se voc\u00ea tiver alguma d\u00favida sobre o b\u00f4nus de boas-vindas da William Hill, recomendamos que entre em contato com o Atendimento ao Cliente. <strong>Voc\u00ea pode ligar para o n\u00famero gratuito 900 947 896 das 9:00 \u00e0s 13:00, de segunda a domingo<\/strong>. Eles tamb\u00e9m t\u00eam chat ao vivo para expor suas d\u00favidas ou se preferir, voc\u00ea pode enviar um email para deportes@williamhill.es<\/p>\t\t\t\t\t\t\t\t<\/div>\n\t\t\t\t<\/div>\n\t\t\t\t\t<\/div>\n\t\t<\/div>\n\t\t\t\t\t<\/div>\n\t\t<\/section>\n\t\t\t\t<\/div>\n\t\t","protected":false},"excerpt":{"rendered":"<p>A William Hill tem mais de 80 anos de experi\u00eancia e \u00e9 a casa de apostas mais recomendada pelos jogadores brasileiros por sua vasta oferta de apostas e excelentes odds.\u00a0Por isso, se voc\u00ea ainda n\u00e3o tem uma conta nesta plataforma, recomendamos que voc\u00ea se registre com o c\u00f3digo ESP150 e assim voc\u00ea pode obter at\u00e9 &#8230; <a title=\"B\u00f4nus de Boas-Vindas da William Hill 150\u20ac GR\u00c1TIS\" class=\"read-more\" href=\"https:\/\/betes.bet\/pt-br\/bono-william-hill\/\" aria-label=\"Read more about B\u00f4nus de Boas-Vindas da William Hill 150\u20ac GR\u00c1TIS\">Leer mas<\/a><\/p>\n","protected":false},"author":8,"featured_media":0,"parent":0,"menu_order":12,"comment_status":"open","ping_status":"closed","template":"","meta":{"_uag_custom_page_level_css":"","generate_page_header":"","footnotes":""},"class_list":["post-24338","page","type-page","status-publish"],"yoast_head":"<!-- This site is optimized with the Yoast SEO Premium plugin v27.1 (Yoast SEO v26.6) - https:\/\/yoast.com\/wordpress\/plugins\/seo\/ -->\n<title>B\u00f3nus de boas-vindas da William Hill 150\u20ac GRATIS abril 2026 \ud83c\udfaf<\/title>\n<meta name=\"description\" content=\"Tudo sobre o b\u00f3nus de boas-vindas da William Hill. Registre-se com o c\u00f3digo promocional e receba at\u00e9 150\u20ac em tr\u00eas apostas gr\u00e1tis. Aproveite \ud83d\udd14\" \/>\n<meta name=\"robots\" content=\"index, follow, max-snippet:-1, max-image-preview:large, max-video-preview:-1\" \/>\n<link rel=\"canonical\" href=\"https:\/\/betes.bet\/pt-br\/bono-william-hill\/\" \/>\n<meta property=\"og:locale\" content=\"pt_BR\" \/>\n<meta property=\"og:type\" content=\"article\" \/>\n<meta property=\"og:title\" content=\"B\u00f3nus de boas-vindas da William Hill 150\u20ac GRATIS abril 2026 \ud83c\udfaf\" \/>\n<meta property=\"og:description\" content=\"Tudo sobre o b\u00f3nus de boas-vindas da William Hill. Registre-se com o c\u00f3digo promocional e receba at\u00e9 150\u20ac em tr\u00eas apostas gr\u00e1tis. Aproveite \ud83d\udd14\" \/>\n<meta property=\"og:url\" content=\"https:\/\/betes.bet\/pt-br\/bono-william-hill\/\" \/>\n<meta property=\"og:site_name\" content=\"Bet Es Bet - betes.bet\" \/>\n<meta property=\"article:modified_time\" content=\"2022-12-03T05:51:12+00:00\" \/>\n<meta property=\"og:image\" content=\"https:\/\/betes.bet\/wp-content\/uploads\/2019\/02\/bono-william-hill.jpg\" \/>\n<meta name=\"twitter:card\" content=\"summary_large_image\" \/>\n<meta name=\"twitter:label1\" content=\"Est. tempo de leitura\" \/>\n\t<meta name=\"twitter:data1\" content=\"6 minutos\" \/>\n<script type=\"application\/ld+json\" class=\"yoast-schema-graph\">{\"@context\":\"https:\/\/schema.org\",\"@graph\":[{\"@type\":\"WebPage\",\"@id\":\"https:\/\/betes.bet\/pt-br\/bono-william-hill\/\",\"url\":\"https:\/\/betes.bet\/pt-br\/bono-william-hill\/\",\"name\":\"B\u00f3nus de boas-vindas da William Hill 150\u20ac GRATIS abril 2026 \ud83c\udfaf\",\"isPartOf\":{\"@id\":\"https:\/\/betes.bet\/#website\"},\"primaryImageOfPage\":{\"@id\":\"https:\/\/betes.bet\/pt-br\/bono-william-hill\/#primaryimage\"},\"image\":{\"@id\":\"https:\/\/betes.bet\/pt-br\/bono-william-hill\/#primaryimage\"},\"thumbnailUrl\":\"https:\/\/betes.bet\/wp-content\/uploads\/2019\/02\/bono-william-hill.jpg\",\"datePublished\":\"2016-09-21T13:20:08+00:00\",\"dateModified\":\"2022-12-03T05:51:12+00:00\",\"description\":\"Tudo sobre o b\u00f3nus de boas-vindas da William Hill. Registre-se com o c\u00f3digo promocional e receba at\u00e9 150\u20ac em tr\u00eas apostas gr\u00e1tis. Aproveite \ud83d\udd14\",\"breadcrumb\":{\"@id\":\"https:\/\/betes.bet\/pt-br\/bono-william-hill\/#breadcrumb\"},\"inLanguage\":\"pt-BR\",\"potentialAction\":[{\"@type\":\"ReadAction\",\"target\":[\"https:\/\/betes.bet\/pt-br\/bono-william-hill\/\"]}]},{\"@type\":\"ImageObject\",\"inLanguage\":\"pt-BR\",\"@id\":\"https:\/\/betes.bet\/pt-br\/bono-william-hill\/#primaryimage\",\"url\":\"https:\/\/betes.bet\/wp-content\/uploads\/2019\/02\/bono-william-hill.jpg\",\"contentUrl\":\"https:\/\/betes.bet\/wp-content\/uploads\/2019\/02\/bono-william-hill.jpg\"},{\"@type\":\"BreadcrumbList\",\"@id\":\"https:\/\/betes.bet\/pt-br\/bono-william-hill\/#breadcrumb\",\"itemListElement\":[{\"@type\":\"ListItem\",\"position\":1,\"name\":\"Portada\",\"item\":\"https:\/\/betes.bet\/\"},{\"@type\":\"ListItem\",\"position\":2,\"name\":\"B\u00f4nus de Boas-Vindas da William Hill 150\u20ac GR\u00c1TIS\"}]},{\"@type\":\"WebSite\",\"@id\":\"https:\/\/betes.bet\/#website\",\"url\":\"https:\/\/betes.bet\/\",\"name\":\"Bet Es Bet - betes.bet\",\"description\":\"Bet - Todos los Bonos de Apuestas - Bet\",\"publisher\":{\"@id\":\"https:\/\/betes.bet\/#organization\"},\"potentialAction\":[{\"@type\":\"SearchAction\",\"target\":{\"@type\":\"EntryPoint\",\"urlTemplate\":\"https:\/\/betes.bet\/?s={search_term_string}\"},\"query-input\":{\"@type\":\"PropertyValueSpecification\",\"valueRequired\":true,\"valueName\":\"search_term_string\"}}],\"inLanguage\":\"pt-BR\"},{\"@type\":\"Organization\",\"@id\":\"https:\/\/betes.bet\/#organization\",\"name\":\"Bet Es Bet - betes.bet\",\"url\":\"https:\/\/betes.bet\/\",\"logo\":{\"@type\":\"ImageObject\",\"inLanguage\":\"pt-BR\",\"@id\":\"https:\/\/betes.bet\/#\/schema\/logo\/image\/\",\"url\":\"https:\/\/betes.bet\/wp-content\/uploads\/2021\/09\/cropped-betesbet.png\",\"contentUrl\":\"https:\/\/betes.bet\/wp-content\/uploads\/2021\/09\/cropped-betesbet.png\",\"width\":361,\"height\":78,\"caption\":\"Bet Es Bet - betes.bet\"},\"image\":{\"@id\":\"https:\/\/betes.bet\/#\/schema\/logo\/image\/\"}}]}<\/script>\n<!-- \/ Yoast SEO Premium plugin. -->","yoast_head_json":{"title":"B\u00f3nus de boas-vindas da William Hill 150\u20ac GRATIS abril 2026 \ud83c\udfaf","description":"Tudo sobre o b\u00f3nus de boas-vindas da William Hill. Registre-se com o c\u00f3digo promocional e receba at\u00e9 150\u20ac em tr\u00eas apostas gr\u00e1tis. Aproveite \ud83d\udd14","robots":{"index":"index","follow":"follow","max-snippet":"max-snippet:-1","max-image-preview":"max-image-preview:large","max-video-preview":"max-video-preview:-1"},"canonical":"https:\/\/betes.bet\/pt-br\/bono-william-hill\/","og_locale":"pt_BR","og_type":"article","og_title":"B\u00f3nus de boas-vindas da William Hill 150\u20ac GRATIS abril 2026 \ud83c\udfaf","og_description":"Tudo sobre o b\u00f3nus de boas-vindas da William Hill. Registre-se com o c\u00f3digo promocional e receba at\u00e9 150\u20ac em tr\u00eas apostas gr\u00e1tis. Aproveite \ud83d\udd14","og_url":"https:\/\/betes.bet\/pt-br\/bono-william-hill\/","og_site_name":"Bet Es Bet - betes.bet","article_modified_time":"2022-12-03T05:51:12+00:00","og_image":[{"url":"https:\/\/betes.bet\/wp-content\/uploads\/2019\/02\/bono-william-hill.jpg","type":"","width":"","height":""}],"twitter_card":"summary_large_image","twitter_misc":{"Est. tempo de leitura":"6 minutos"},"schema":{"@context":"https:\/\/schema.org","@graph":[{"@type":"WebPage","@id":"https:\/\/betes.bet\/pt-br\/bono-william-hill\/","url":"https:\/\/betes.bet\/pt-br\/bono-william-hill\/","name":"B\u00f3nus de boas-vindas da William Hill 150\u20ac GRATIS abril 2026 \ud83c\udfaf","isPartOf":{"@id":"https:\/\/betes.bet\/#website"},"primaryImageOfPage":{"@id":"https:\/\/betes.bet\/pt-br\/bono-william-hill\/#primaryimage"},"image":{"@id":"https:\/\/betes.bet\/pt-br\/bono-william-hill\/#primaryimage"},"thumbnailUrl":"https:\/\/betes.bet\/wp-content\/uploads\/2019\/02\/bono-william-hill.jpg","datePublished":"2016-09-21T13:20:08+00:00","dateModified":"2022-12-03T05:51:12+00:00","description":"Tudo sobre o b\u00f3nus de boas-vindas da William Hill. Registre-se com o c\u00f3digo promocional e receba at\u00e9 150\u20ac em tr\u00eas apostas gr\u00e1tis. Aproveite \ud83d\udd14","breadcrumb":{"@id":"https:\/\/betes.bet\/pt-br\/bono-william-hill\/#breadcrumb"},"inLanguage":"pt-BR","potentialAction":[{"@type":"ReadAction","target":["https:\/\/betes.bet\/pt-br\/bono-william-hill\/"]}]},{"@type":"ImageObject","inLanguage":"pt-BR","@id":"https:\/\/betes.bet\/pt-br\/bono-william-hill\/#primaryimage","url":"https:\/\/betes.bet\/wp-content\/uploads\/2019\/02\/bono-william-hill.jpg","contentUrl":"https:\/\/betes.bet\/wp-content\/uploads\/2019\/02\/bono-william-hill.jpg"},{"@type":"BreadcrumbList","@id":"https:\/\/betes.bet\/pt-br\/bono-william-hill\/#breadcrumb","itemListElement":[{"@type":"ListItem","position":1,"name":"Portada","item":"https:\/\/betes.bet\/"},{"@type":"ListItem","position":2,"name":"B\u00f4nus de Boas-Vindas da William Hill 150\u20ac GR\u00c1TIS"}]},{"@type":"WebSite","@id":"https:\/\/betes.bet\/#website","url":"https:\/\/betes.bet\/","name":"Bet Es Bet - betes.bet","description":"Bet - Todos los Bonos de Apuestas - Bet","publisher":{"@id":"https:\/\/betes.bet\/#organization"},"potentialAction":[{"@type":"SearchAction","target":{"@type":"EntryPoint","urlTemplate":"https:\/\/betes.bet\/?s={search_term_string}"},"query-input":{"@type":"PropertyValueSpecification","valueRequired":true,"valueName":"search_term_string"}}],"inLanguage":"pt-BR"},{"@type":"Organization","@id":"https:\/\/betes.bet\/#organization","name":"Bet Es Bet - betes.bet","url":"https:\/\/betes.bet\/","logo":{"@type":"ImageObject","inLanguage":"pt-BR","@id":"https:\/\/betes.bet\/#\/schema\/logo\/image\/","url":"https:\/\/betes.bet\/wp-content\/uploads\/2021\/09\/cropped-betesbet.png","contentUrl":"https:\/\/betes.bet\/wp-content\/uploads\/2021\/09\/cropped-betesbet.png","width":361,"height":78,"caption":"Bet Es Bet - betes.bet"},"image":{"@id":"https:\/\/betes.bet\/#\/schema\/logo\/image\/"}}]}},"uagb_featured_image_src":{"full":false,"thumbnail":false,"medium":false,"medium_large":false,"large":false,"1536x1536":false,"2048x2048":false},"uagb_author_info":{"display_name":"Aintzane","author_link":"https:\/\/betes.bet\/pt-br\/author\/aintzane\/"},"uagb_comment_info":0,"uagb_excerpt":"A William Hill tem mais de 80 anos de experi\u00eancia e \u00e9 a casa de apostas mais recomendada pelos jogadores brasileiros por sua vasta oferta de apostas e excelentes odds.\u00a0Por isso, se voc\u00ea ainda n\u00e3o tem uma conta nesta plataforma, recomendamos que voc\u00ea se registre com o c\u00f3digo ESP150 e assim voc\u00ea pode obter at\u00e9&hellip;","_links":{"self":[{"href":"https:\/\/betes.bet\/pt-br\/wp-json\/wp\/v2\/pages\/24338","targetHints":{"allow":["GET"]}}],"collection":[{"href":"https:\/\/betes.bet\/pt-br\/wp-json\/wp\/v2\/pages"}],"about":[{"href":"https:\/\/betes.bet\/pt-br\/wp-json\/wp\/v2\/types\/page"}],"author":[{"embeddable":true,"href":"https:\/\/betes.bet\/pt-br\/wp-json\/wp\/v2\/users\/8"}],"replies":[{"embeddable":true,"href":"https:\/\/betes.bet\/pt-br\/wp-json\/wp\/v2\/comments?post=24338"}],"version-history":[{"count":0,"href":"https:\/\/betes.bet\/pt-br\/wp-json\/wp\/v2\/pages\/24338\/revisions"}],"wp:attachment":[{"href":"https:\/\/betes.bet\/pt-br\/wp-json\/wp\/v2\/media?parent=24338"}],"curies":[{"name":"wp","href":"https:\/\/api.w.org\/{rel}","templated":true}]}}