{"id":26208,"date":"2014-11-06T15:56:39","date_gmt":"2014-11-06T14:56:39","guid":{"rendered":"https:\/\/betes.bet\/metodos-de-pago-bet365\/"},"modified":"2023-07-13T23:00:33","modified_gmt":"2023-07-13T22:00:33","slug":"metodos-de-pagamento-bet365","status":"publish","type":"page","link":"https:\/\/betes.bet\/pt-br\/metodos-de-pagamento-bet365\/","title":{"rendered":"\u2705 Gerencie seu dinheiro na Bet365: conselhos pessoais ao depositar e sacar dinheiro na Bet365"},"content":{"rendered":"<h2>M\u00e9todos de pagamento de Bet365: Existem v\u00e1rios diferentes e todos os dias surgem outros mais<\/h2>\n<h2><a href=\"https:\/\/imstore.bet365affiliates.com\/Tracker.aspx?AffiliateId=81667&amp;AffiliateCode=365_571733&amp;CID=358&amp;PID=149&amp;TID=3&amp;LNG=3&amp;DID=27\" target=\"_blank\" rel=\"noopener noreferrer\"><img decoding=\"async\" class=\"aligncenter\" src=\"https:\/\/imstore.bet365affiliates.com\/?AffiliateCode=365_571733&amp;CID=358&amp;PID=149&amp;LNG=3&amp;TID=3&amp;DID=27\" border=\"0\" \/><\/a><\/h2>\n<p>Como sempre dizemos, <strong>a casa de apostas n\u00e3o tem que cobrar comiss\u00f5es para tirar dinheiro da sua conta<\/strong> &#8211; seu banco pode fazer isso, se voc\u00ea usar transfer\u00eancias &#8211; <strong>e, claro, muito menos por se cadastrar<\/strong> (s\u00f3 faltava, ter que pagar para entrar um\u00a0<strong>dinheiro que voc\u00ea vai jogar com eles, apostar dentro da p\u00e1gina<\/strong>), qualquer que seja o m\u00e9todo escolhido. Por isso, se voc\u00ea encontrar uma casa de apostas que cobra comiss\u00f5es pela administra\u00e7\u00e3o de sua conta e retiro de ganhos, \u00e9 melhor considerar procurar outra. Por isso, conf\u00ede nos m\u00e9todos de dep\u00f3sito da Bet365.<\/p>\n<div class=\"su-note\"  style=\"border-color:#d2d2d2;\"><div class=\"su-note-inner su-u-clearfix su-u-trim\" style=\"background-color:#ececec;border-color:#ffffff;color:#000000;\">\u00a0\u00bfVoc\u00ea gosta que Bet365 tenha muitos m\u00e9todos de pagamento e saque? V\u00f3talo : <span id=\"post-ratings-26208\" class=\"post-ratings\" data-nonce=\"3cde6efea2\"><img decoding=\"async\" id=\"rating_26208_1\" src=\"https:\/\/betes.bet\/wp-content\/plugins\/wp-postratings\/images\/stars_crystal\/rating_on.gif\" alt=\"1 estrella\" title=\"1 estrella\" onmouseover=\"current_rating(26208, 1, '1 estrella');\" onmouseout=\"ratings_off(5, 0, 0);\" onclick=\"rate_post();\" onkeypress=\"rate_post();\" style=\"cursor: pointer; border: 0px;\" \/><img decoding=\"async\" id=\"rating_26208_2\" src=\"https:\/\/betes.bet\/wp-content\/plugins\/wp-postratings\/images\/stars_crystal\/rating_on.gif\" alt=\"2 estrellas\" title=\"2 estrellas\" onmouseover=\"current_rating(26208, 2, '2 estrellas');\" onmouseout=\"ratings_off(5, 0, 0);\" onclick=\"rate_post();\" onkeypress=\"rate_post();\" style=\"cursor: pointer; border: 0px;\" \/><img decoding=\"async\" id=\"rating_26208_3\" src=\"https:\/\/betes.bet\/wp-content\/plugins\/wp-postratings\/images\/stars_crystal\/rating_on.gif\" alt=\"3 estrellas\" title=\"3 estrellas\" onmouseover=\"current_rating(26208, 3, '3 estrellas');\" onmouseout=\"ratings_off(5, 0, 0);\" onclick=\"rate_post();\" onkeypress=\"rate_post();\" style=\"cursor: pointer; border: 0px;\" \/><img decoding=\"async\" id=\"rating_26208_4\" src=\"https:\/\/betes.bet\/wp-content\/plugins\/wp-postratings\/images\/stars_crystal\/rating_on.gif\" alt=\"4 estrellas\" title=\"4 estrellas\" onmouseover=\"current_rating(26208, 4, '4 estrellas');\" onmouseout=\"ratings_off(5, 0, 0);\" onclick=\"rate_post();\" onkeypress=\"rate_post();\" style=\"cursor: pointer; border: 0px;\" \/><img decoding=\"async\" id=\"rating_26208_5\" src=\"https:\/\/betes.bet\/wp-content\/plugins\/wp-postratings\/images\/stars_crystal\/rating_on.gif\" alt=\"5 estrellas\" title=\"5 estrellas\" onmouseover=\"current_rating(26208, 5, '5 estrellas');\" onmouseout=\"ratings_off(5, 0, 0);\" onclick=\"rate_post();\" onkeypress=\"rate_post();\" style=\"cursor: pointer; border: 0px;\" \/> (<strong>7<\/strong> votos, promedio: <strong>5,00<\/strong> de 5)<br \/><span class=\"post-ratings-text\" id=\"ratings_26208_text\"><\/span><\/span><span id=\"post-ratings-26208-loading\" class=\"post-ratings-loading\"><img decoding=\"async\" src=\"https:\/\/betes.bet\/wp-content\/plugins\/wp-postratings\/images\/loading.gif\" width=\"16\" height=\"16\" class=\"post-ratings-image\" \/>Loading...<\/span> <\/div><\/div>\n<p>No caso da <strong><a href=\"https:\/\/recor.to\/bet365bet\" target=\"_blank\" rel=\"noopener noreferrer nofollow sponsored\">Bet365<\/a><\/strong>, sendo uma das maiores casas de apostas do mundo, os m\u00e9todos de dep\u00f3sito ou saques de dinheiro est\u00e3o constantemente melhorando e evoluindo, adicionando mais e mais op\u00e7\u00f5es, por isso vamos dizer-lhe os <strong>passos que voc\u00ea tem que fazer<\/strong> para poder v\u00ea-los todos de uma maneira atualizada.<\/p>\n<h2>Como depositar ou entrar dinheiro no Bet365: Muitos m\u00e9todos diferentes<\/h2>\n<p>1- A primeira coisa \u00e9 ir ao site da <strong><a href=\"https:\/\/recor.to\/bet365bet\" target=\"_blank\" rel=\"noopener noreferrer nofollow sponsored\">Bet365<\/a><\/strong>, logicamente.<\/p>\n<p>2- Uma vez dentro do portal, v\u00e1 at\u00e9 o final da p\u00e1gina, onde aparece bem grande a palavra\u00a0<strong>AJUDA<\/strong>.<\/p>\n<p>3- Logo abaixo dessa se\u00e7\u00e3o, voc\u00ea ver\u00e1 uma subse\u00e7\u00e3o que mostra <strong>DEP\u00d3SITOS<\/strong>.<\/p>\n<p>4- Uma janela pop-up ou nova ser\u00e1 aberta. Cuidado se voc\u00ea tem algum bloqueador de pop-up ou publicidade, porque sen\u00e3o voc\u00ea n\u00e3o ver\u00e1 essa tela.<\/p>\n<p>5- Nesta janela, voc\u00ea ter\u00e1 que selecionar o pa\u00eds e a moeda com a qual deseja depositar, caso n\u00e3o tenha detectado automaticamente o seu prop\u00f3sito.<\/p>\n<p>6- Agora voc\u00ea pode ver o valor que o Bet365 tem em seu pa\u00eds para sacar o dinheiro ou obter todos os ganhos que voc\u00ea obteve. Da mesma forma, indicar\u00e1 a voc\u00ea se tem ou n\u00e3o uma comiss\u00e3o, o tempo de processamento e o m\u00ednimo e m\u00e1ximo que cada m\u00e9todo de pagamento tem para depositar o dinheiro.<\/p>\n<p>&nbsp;<\/p>\n<p style=\"text-align: center;\"><iframe src=\"https:\/\/imstore.bet365affiliates.com\/365_378124-507-5-6-149-3-81667.aspx\" width=\"468\" height=\"60\" frameborder=\"0\" scrolling=\"no\"><\/iframe><\/p>\n<h2>Como sacar ou cobrar dinheiro no Bet365: Voc\u00ea pode fazer isso de v\u00e1rias maneiras<\/h2>\n<p>Mais uma vez, os passos a seguir s\u00e3o quase os mesmos que no ponto anterior.<\/p>\n<p>1- A primeira coisa \u00e9 voltar ao site <strong><a href=\"https:\/\/recor.to\/bet365bet\" target=\"_blank\" rel=\"noopener noreferrer nofollow sponsored\">Bet365<\/a><\/strong>.<\/p>\n<p>2- Uma vez na p\u00e1gina, v\u00e1 at\u00e9 o final da tela, onde aparece bem grande a palavra <strong>AJUDA<\/strong>.<\/p>\n<p>3- Logo abaixo dessa se\u00e7\u00e3o, voc\u00ea ver\u00e1 uma subse\u00e7\u00e3o que define <strong>LEVANTAMENTOS<\/strong>.<\/p>\n<p>4- Uma janela pop-up ou nova ser\u00e1 aberta. Cuidado se voc\u00ea tem algum bloqueador de pop-up ou publicidade, porque sen\u00e3o voc\u00ea n\u00e3o ver\u00e1 essa tela.<\/p>\n<p>5- Nesta janela, voc\u00ea ter\u00e1 que selecionar o pa\u00eds e a moeda com a qual deseja sacar, caso n\u00e3o tenha detectado automaticamente o seu prop\u00f3sito.<\/p>\n<p>6- Voc\u00ea pode ver a quantidade que Bet365 tem em seu pa\u00eds para sacar o dinheiro ou cobrar todos os ganhos que voc\u00ea obteve. Da mesma forma, indicar\u00e1 a voc\u00ea se tem ou n\u00e3o uma comiss\u00e3o, o tempo de processamento e o <strong>m\u00ednimo e m\u00e1ximo<\/strong> que cada <strong>m\u00e9todo de pagamento<\/strong> tem para sacar o dinheiro.<\/p>\n<p>Se voc\u00ea gostou deste artigo,<a href=\"https:\/\/betes.bet\/pt-br\/como-ganhar-dinheiro-nas-slots-ou-caca-niqueis\/\"> saiba como ganhar dinheiro nos ca\u00e7a-n\u00edqueis!<\/a><\/p>\n<p>&nbsp;<\/p>\n<p>&nbsp;<\/p>\n","protected":false},"excerpt":{"rendered":"<p>M\u00e9todos de pagamento de Bet365: Existem v\u00e1rios diferentes e todos os dias surgem outros mais Como sempre dizemos, a casa de apostas n\u00e3o tem que cobrar comiss\u00f5es para tirar dinheiro da sua conta &#8211; seu banco pode fazer isso, se voc\u00ea usar transfer\u00eancias &#8211; e, claro, muito menos por se cadastrar (s\u00f3 faltava, ter que &#8230; <a title=\"\u2705 Gerencie seu dinheiro na Bet365: conselhos pessoais ao depositar e sacar dinheiro na Bet365\" class=\"read-more\" href=\"https:\/\/betes.bet\/pt-br\/metodos-de-pagamento-bet365\/\" aria-label=\"Read more about \u2705 Gerencie seu dinheiro na Bet365: conselhos pessoais ao depositar e sacar dinheiro na Bet365\">Leer mas<\/a><\/p>\n","protected":false},"author":7,"featured_media":0,"parent":0,"menu_order":1,"comment_status":"open","ping_status":"open","template":"","meta":{"_uag_custom_page_level_css":"","generate_page_header":"","footnotes":""},"class_list":["post-26208","page","type-page","status-publish"],"yoast_head":"<!-- This site is optimized with the Yoast SEO Premium plugin v27.1 (Yoast SEO v27.4) - https:\/\/yoast.com\/product\/yoast-seo-premium-wordpress\/ -->\n<title>\ud83c\udfc6 Conselhos para depositar e sacar dinheiro em Bet365 \u2705 | maio de 2026<\/title>\n<meta name=\"description\" content=\"Bet365 permite realizar dep\u00f3sitos atrav\u00e9s de v\u00e1rios m\u00e9todos de dep\u00f3sito \u2705 e oferece muitos outros acess\u00edveis m\u00e9todos de saque e gerenciamento de dinheiro.\" \/>\n<meta name=\"robots\" content=\"index, follow, max-snippet:-1, max-image-preview:large, max-video-preview:-1\" \/>\n<link rel=\"canonical\" href=\"https:\/\/betes.bet\/pt-br\/metodos-de-pagamento-bet365\/\" \/>\n<meta property=\"og:locale\" content=\"pt_BR\" \/>\n<meta property=\"og:type\" content=\"article\" \/>\n<meta property=\"og:title\" content=\"\u2705 Gerencie seu dinheiro na Bet365: conselhos pessoais ao depositar e sacar dinheiro na Bet365\" \/>\n<meta property=\"og:description\" content=\"Bet365 permite realizar dep\u00f3sitos atrav\u00e9s de v\u00e1rios m\u00e9todos de dep\u00f3sito \u2705 e oferece muitos outros acess\u00edveis m\u00e9todos de saque e gerenciamento de dinheiro.\" \/>\n<meta property=\"og:url\" content=\"https:\/\/betes.bet\/pt-br\/metodos-de-pagamento-bet365\/\" \/>\n<meta property=\"og:site_name\" content=\"Bet Es Bet - betes.bet\" \/>\n<meta property=\"article:modified_time\" content=\"2023-07-13T22:00:33+00:00\" \/>\n<meta property=\"og:image\" content=\"https:\/\/imstore.bet365affiliates.com\/?AffiliateCode=365_571733&amp;CID=358&amp;PID=149&amp;LNG=3&amp;TID=3&amp;DID=27\" \/>\n<meta name=\"twitter:card\" content=\"summary_large_image\" \/>\n<meta name=\"twitter:label1\" content=\"Est. tempo de leitura\" \/>\n\t<meta name=\"twitter:data1\" content=\"3 minutos\" \/>\n<script type=\"application\/ld+json\" class=\"yoast-schema-graph\">{\"@context\":\"https:\\\/\\\/schema.org\",\"@graph\":[{\"@type\":\"WebPage\",\"@id\":\"https:\\\/\\\/betes.bet\\\/pt-br\\\/metodos-de-pagamento-bet365\\\/\",\"url\":\"https:\\\/\\\/betes.bet\\\/pt-br\\\/metodos-de-pagamento-bet365\\\/\",\"name\":\"\ud83c\udfc6 Conselhos para depositar e sacar dinheiro em Bet365 \u2705 | maio de 2026\",\"isPartOf\":{\"@id\":\"https:\\\/\\\/betes.bet\\\/#website\"},\"primaryImageOfPage\":{\"@id\":\"https:\\\/\\\/betes.bet\\\/pt-br\\\/metodos-de-pagamento-bet365\\\/#primaryimage\"},\"image\":{\"@id\":\"https:\\\/\\\/betes.bet\\\/pt-br\\\/metodos-de-pagamento-bet365\\\/#primaryimage\"},\"thumbnailUrl\":\"https:\\\/\\\/imstore.bet365affiliates.com\\\/?AffiliateCode=365_571733&amp;CID=358&amp;PID=149&amp;LNG=3&amp;TID=3&amp;DID=27\",\"datePublished\":\"2014-11-06T14:56:39+00:00\",\"dateModified\":\"2023-07-13T22:00:33+00:00\",\"description\":\"Bet365 permite realizar dep\u00f3sitos atrav\u00e9s de v\u00e1rios m\u00e9todos de dep\u00f3sito \u2705 e oferece muitos outros acess\u00edveis m\u00e9todos de saque e gerenciamento de dinheiro.\",\"breadcrumb\":{\"@id\":\"https:\\\/\\\/betes.bet\\\/pt-br\\\/metodos-de-pagamento-bet365\\\/#breadcrumb\"},\"inLanguage\":\"pt-BR\",\"potentialAction\":[{\"@type\":\"ReadAction\",\"target\":[\"https:\\\/\\\/betes.bet\\\/pt-br\\\/metodos-de-pagamento-bet365\\\/\"]}]},{\"@type\":\"ImageObject\",\"inLanguage\":\"pt-BR\",\"@id\":\"https:\\\/\\\/betes.bet\\\/pt-br\\\/metodos-de-pagamento-bet365\\\/#primaryimage\",\"url\":\"https:\\\/\\\/imstore.bet365affiliates.com\\\/?AffiliateCode=365_571733&amp;CID=358&amp;PID=149&amp;LNG=3&amp;TID=3&amp;DID=27\",\"contentUrl\":\"https:\\\/\\\/imstore.bet365affiliates.com\\\/?AffiliateCode=365_571733&amp;CID=358&amp;PID=149&amp;LNG=3&amp;TID=3&amp;DID=27\"},{\"@type\":\"BreadcrumbList\",\"@id\":\"https:\\\/\\\/betes.bet\\\/pt-br\\\/metodos-de-pagamento-bet365\\\/#breadcrumb\",\"itemListElement\":[{\"@type\":\"ListItem\",\"position\":1,\"name\":\"Portada\",\"item\":\"https:\\\/\\\/betes.bet\\\/\"},{\"@type\":\"ListItem\",\"position\":2,\"name\":\"\u2705 Gerencie seu dinheiro na Bet365: conselhos pessoais ao depositar e sacar dinheiro na Bet365\"}]},{\"@type\":\"WebSite\",\"@id\":\"https:\\\/\\\/betes.bet\\\/#website\",\"url\":\"https:\\\/\\\/betes.bet\\\/\",\"name\":\"Bet Es Bet - betes.bet\",\"description\":\"Bet - Todos los Bonos de Apuestas - Bet\",\"publisher\":{\"@id\":\"https:\\\/\\\/betes.bet\\\/#organization\"},\"potentialAction\":[{\"@type\":\"SearchAction\",\"target\":{\"@type\":\"EntryPoint\",\"urlTemplate\":\"https:\\\/\\\/betes.bet\\\/?s={search_term_string}\"},\"query-input\":{\"@type\":\"PropertyValueSpecification\",\"valueRequired\":true,\"valueName\":\"search_term_string\"}}],\"inLanguage\":\"pt-BR\"},{\"@type\":\"Organization\",\"@id\":\"https:\\\/\\\/betes.bet\\\/#organization\",\"name\":\"Bet Es Bet - betes.bet\",\"url\":\"https:\\\/\\\/betes.bet\\\/\",\"logo\":{\"@type\":\"ImageObject\",\"inLanguage\":\"pt-BR\",\"@id\":\"https:\\\/\\\/betes.bet\\\/#\\\/schema\\\/logo\\\/image\\\/\",\"url\":\"https:\\\/\\\/betes.bet\\\/wp-content\\\/uploads\\\/2021\\\/09\\\/cropped-betesbet.png\",\"contentUrl\":\"https:\\\/\\\/betes.bet\\\/wp-content\\\/uploads\\\/2021\\\/09\\\/cropped-betesbet.png\",\"width\":361,\"height\":78,\"caption\":\"Bet Es Bet - betes.bet\"},\"image\":{\"@id\":\"https:\\\/\\\/betes.bet\\\/#\\\/schema\\\/logo\\\/image\\\/\"}}]}<\/script>\n<!-- \/ Yoast SEO Premium plugin. -->","yoast_head_json":{"title":"\ud83c\udfc6 Conselhos para depositar e sacar dinheiro em Bet365 \u2705 | maio de 2026","description":"Bet365 permite realizar dep\u00f3sitos atrav\u00e9s de v\u00e1rios m\u00e9todos de dep\u00f3sito \u2705 e oferece muitos outros acess\u00edveis m\u00e9todos de saque e gerenciamento de dinheiro.","robots":{"index":"index","follow":"follow","max-snippet":"max-snippet:-1","max-image-preview":"max-image-preview:large","max-video-preview":"max-video-preview:-1"},"canonical":"https:\/\/betes.bet\/pt-br\/metodos-de-pagamento-bet365\/","og_locale":"pt_BR","og_type":"article","og_title":"\u2705 Gerencie seu dinheiro na Bet365: conselhos pessoais ao depositar e sacar dinheiro na Bet365","og_description":"Bet365 permite realizar dep\u00f3sitos atrav\u00e9s de v\u00e1rios m\u00e9todos de dep\u00f3sito \u2705 e oferece muitos outros acess\u00edveis m\u00e9todos de saque e gerenciamento de dinheiro.","og_url":"https:\/\/betes.bet\/pt-br\/metodos-de-pagamento-bet365\/","og_site_name":"Bet Es Bet - betes.bet","article_modified_time":"2023-07-13T22:00:33+00:00","og_image":[{"url":"https:\/\/imstore.bet365affiliates.com\/?AffiliateCode=365_571733&amp;CID=358&amp;PID=149&amp;LNG=3&amp;TID=3&amp;DID=27","type":"","width":"","height":""}],"twitter_card":"summary_large_image","twitter_misc":{"Est. tempo de leitura":"3 minutos"},"schema":{"@context":"https:\/\/schema.org","@graph":[{"@type":"WebPage","@id":"https:\/\/betes.bet\/pt-br\/metodos-de-pagamento-bet365\/","url":"https:\/\/betes.bet\/pt-br\/metodos-de-pagamento-bet365\/","name":"\ud83c\udfc6 Conselhos para depositar e sacar dinheiro em Bet365 \u2705 | maio de 2026","isPartOf":{"@id":"https:\/\/betes.bet\/#website"},"primaryImageOfPage":{"@id":"https:\/\/betes.bet\/pt-br\/metodos-de-pagamento-bet365\/#primaryimage"},"image":{"@id":"https:\/\/betes.bet\/pt-br\/metodos-de-pagamento-bet365\/#primaryimage"},"thumbnailUrl":"https:\/\/imstore.bet365affiliates.com\/?AffiliateCode=365_571733&amp;CID=358&amp;PID=149&amp;LNG=3&amp;TID=3&amp;DID=27","datePublished":"2014-11-06T14:56:39+00:00","dateModified":"2023-07-13T22:00:33+00:00","description":"Bet365 permite realizar dep\u00f3sitos atrav\u00e9s de v\u00e1rios m\u00e9todos de dep\u00f3sito \u2705 e oferece muitos outros acess\u00edveis m\u00e9todos de saque e gerenciamento de dinheiro.","breadcrumb":{"@id":"https:\/\/betes.bet\/pt-br\/metodos-de-pagamento-bet365\/#breadcrumb"},"inLanguage":"pt-BR","potentialAction":[{"@type":"ReadAction","target":["https:\/\/betes.bet\/pt-br\/metodos-de-pagamento-bet365\/"]}]},{"@type":"ImageObject","inLanguage":"pt-BR","@id":"https:\/\/betes.bet\/pt-br\/metodos-de-pagamento-bet365\/#primaryimage","url":"https:\/\/imstore.bet365affiliates.com\/?AffiliateCode=365_571733&amp;CID=358&amp;PID=149&amp;LNG=3&amp;TID=3&amp;DID=27","contentUrl":"https:\/\/imstore.bet365affiliates.com\/?AffiliateCode=365_571733&amp;CID=358&amp;PID=149&amp;LNG=3&amp;TID=3&amp;DID=27"},{"@type":"BreadcrumbList","@id":"https:\/\/betes.bet\/pt-br\/metodos-de-pagamento-bet365\/#breadcrumb","itemListElement":[{"@type":"ListItem","position":1,"name":"Portada","item":"https:\/\/betes.bet\/"},{"@type":"ListItem","position":2,"name":"\u2705 Gerencie seu dinheiro na Bet365: conselhos pessoais ao depositar e sacar dinheiro na Bet365"}]},{"@type":"WebSite","@id":"https:\/\/betes.bet\/#website","url":"https:\/\/betes.bet\/","name":"Bet Es Bet - betes.bet","description":"Bet - Todos los Bonos de Apuestas - Bet","publisher":{"@id":"https:\/\/betes.bet\/#organization"},"potentialAction":[{"@type":"SearchAction","target":{"@type":"EntryPoint","urlTemplate":"https:\/\/betes.bet\/?s={search_term_string}"},"query-input":{"@type":"PropertyValueSpecification","valueRequired":true,"valueName":"search_term_string"}}],"inLanguage":"pt-BR"},{"@type":"Organization","@id":"https:\/\/betes.bet\/#organization","name":"Bet Es Bet - betes.bet","url":"https:\/\/betes.bet\/","logo":{"@type":"ImageObject","inLanguage":"pt-BR","@id":"https:\/\/betes.bet\/#\/schema\/logo\/image\/","url":"https:\/\/betes.bet\/wp-content\/uploads\/2021\/09\/cropped-betesbet.png","contentUrl":"https:\/\/betes.bet\/wp-content\/uploads\/2021\/09\/cropped-betesbet.png","width":361,"height":78,"caption":"Bet Es Bet - betes.bet"},"image":{"@id":"https:\/\/betes.bet\/#\/schema\/logo\/image\/"}}]}},"uagb_featured_image_src":{"full":false,"thumbnail":false,"medium":false,"medium_large":false,"large":false,"1536x1536":false,"2048x2048":false},"uagb_author_info":{"display_name":"Jon","author_link":"https:\/\/betes.bet\/pt-br\/author\/jon\/"},"uagb_comment_info":0,"uagb_excerpt":"M\u00e9todos de pagamento de Bet365: Existem v\u00e1rios diferentes e todos os dias surgem outros mais Como sempre dizemos, a casa de apostas n\u00e3o tem que cobrar comiss\u00f5es para tirar dinheiro da sua conta &#8211; seu banco pode fazer isso, se voc\u00ea usar transfer\u00eancias &#8211; e, claro, muito menos por se cadastrar (s\u00f3 faltava, ter que&hellip;","_links":{"self":[{"href":"https:\/\/betes.bet\/pt-br\/wp-json\/wp\/v2\/pages\/26208","targetHints":{"allow":["GET"]}}],"collection":[{"href":"https:\/\/betes.bet\/pt-br\/wp-json\/wp\/v2\/pages"}],"about":[{"href":"https:\/\/betes.bet\/pt-br\/wp-json\/wp\/v2\/types\/page"}],"author":[{"embeddable":true,"href":"https:\/\/betes.bet\/pt-br\/wp-json\/wp\/v2\/users\/7"}],"replies":[{"embeddable":true,"href":"https:\/\/betes.bet\/pt-br\/wp-json\/wp\/v2\/comments?post=26208"}],"version-history":[{"count":2,"href":"https:\/\/betes.bet\/pt-br\/wp-json\/wp\/v2\/pages\/26208\/revisions"}],"predecessor-version":[{"id":89193,"href":"https:\/\/betes.bet\/pt-br\/wp-json\/wp\/v2\/pages\/26208\/revisions\/89193"}],"wp:attachment":[{"href":"https:\/\/betes.bet\/pt-br\/wp-json\/wp\/v2\/media?parent=26208"}],"curies":[{"name":"wp","href":"https:\/\/api.w.org\/{rel}","templated":true}]}}