{"id":26209,"date":"2016-07-14T12:56:05","date_gmt":"2016-07-14T11:56:05","guid":{"rendered":"https:\/\/betes.bet\/ver-futbol-en-directo-en-bet365\/"},"modified":"2021-04-27T10:10:06","modified_gmt":"2021-04-27T09:10:06","slug":"assistir-futebol-ao-vivo-com-bet365","status":"publish","type":"page","link":"https:\/\/betes.bet\/pt-br\/assistir-futebol-ao-vivo-com-bet365\/","title":{"rendered":"Assistir futebol em direto com Bet365"},"content":{"rendered":"<p>Voc\u00ea \u00e9 cliente do <strong><a href=\"https:\/\/recor.to\/bet365bet\" target=\"_blank\" rel=\"noopener noreferrer nofollow sponsored\">Bet365<\/a><\/strong>? Voc\u00ea sabia que os clientes do Bet365 t\u00eam a possibilidade de assistir diferentes partidas de futebol? \u26bd Sim, como voc\u00ea\u00a0<span lang=\"pt\" tabindex=\"0\">l\u00ea<\/span>, muitos n\u00e3o sabiam que, gra\u00e7as \u00e0 casa de apostas esportivas Bet365, voc\u00ea pode assistir determinados jogos de futebol ao vivo e em direto, SOMENTE PARA CLIENTES\u00a0\u2705<\/p>\n<p><strong>N\u00f3s contamos para voc\u00ea como assistir jogos de futebol ao vivo e em direto na p\u00e1gina <a href=\"https:\/\/recor.to\/bet365bet\" target=\"_blank\" rel=\"noopener noreferrer nofollow sponsored\">Bet365<\/a><\/strong>, a casa de apostas l\u00edder na Espanha e tamb\u00e9m no mercado global de apostas online.<\/p>\n<p>Voc\u00ea j\u00e1 ficou muito chateado por perder um jogo que lhe interessou muito e n\u00e3o conseguiu encontrar uma maneira de v\u00ea-lo? Se acontece com frequ\u00eancia que <strong>existem jogos que lhe interessam e n\u00e3o acontecem abertamente e que voc\u00ea n\u00e3o tem um servi\u00e7o pago<\/strong> para assisti-lo, o portal <strong>Bet365 vem em seu aux\u00edlio<\/strong>: oferece um servi\u00e7o de retransmiss\u00e3o com um grande n\u00famero de jogos com um bom servi\u00e7o e de boa qualidade, que n\u00e3o falha.<\/p>\n<blockquote>\n<h3>&#8216;Eventos ao vivo&#8217; \u00e9 o servi\u00e7o de retransmiss\u00e3o de partidas do Bet365. N\u00e3o h\u00e1 custo para clientes com fundos a favor em sua conta.<\/h3>\n<\/blockquote>\n<table class=\" aligncenter\" style=\"width: 301px;\">\n<tbody>\n<tr>\n<td style=\"width: 303px;\"><a href=\"https:\/\/imstore.bet365affiliates.com\/Tracker.aspx?AffiliateId=81667&amp;AffiliateCode=365_571733&amp;CID=194&amp;DID=421&amp;TID=1&amp;PID=149&amp;LNG=3\" target=\"_blank\" rel=\"noopener noreferrer\"><img decoding=\"async\" src=\"https:\/\/imstore.bet365affiliates.com\/?AffiliateCode=365_571733&amp;CID=194&amp;DID=421&amp;TID=1&amp;PID=149&amp;LNG=3\" border=\"0\" \/><\/a><\/td>\n<\/tr>\n<\/tbody>\n<\/table>\n<h2>O servi\u00e7o de &#8216;Eventos ao vivo&#8217; de <strong><a href=\"https:\/\/recor.to\/bet365bet\" target=\"_blank\" rel=\"noopener noreferrer nofollow sponsored\">Bet365<\/a><\/strong><\/h2>\n<p>Para dar mais emo\u00e7\u00e3o \u00e0s apostas ao vivo, a bet365 transmite mais de 140.000 eventos em direto todos os anos no seu computador; ent\u00e3o voc\u00ea pode apostar enquanto a a\u00e7\u00e3o acontece. Entre esses eventos, destacam-se os torneios de t\u00eanis da Masters Series e as partidas de algumas das melhores ligas nacionais de futebol. Para usar o servi\u00e7o &#8220;Transmiss\u00e3o ao-vivo&#8221;, voc\u00ea deve fazer login e ter fundos em sua conta ou ter feito uma aposta nas \u00faltimas 24 horas. Qualquer encontro \/ evento em nosso site que tenha um \u00edcone &#8220;Reproduzir&#8221; ou &#8220;V\u00eddeo&#8221; ao lado dele est\u00e1 programado para aparecer em nossa &#8220;Transmiss\u00e3o ao-vivo&#8221;.<br \/>\n<span id=\"tag20181129170308\"><\/span><\/p>\n<h2>C\u00f3mo assistir os jogos em\u00a0<strong><a href=\"https:\/\/recor.to\/bet365bet\" target=\"_blank\" rel=\"noopener noreferrer nofollow sponsored\">Bet365<\/a><\/strong><\/h2>\n<p>Depois de se registrar e ter dinheiro em sua conta, ver as partidas que lhe interessam no servi\u00e7o <strong><a href=\"https:\/\/recor.to\/bet365bet\" target=\"_blank\" rel=\"noopener noreferrer nofollow sponsored\">Bet365<\/a><\/strong> \u00e9 a coisa mais f\u00e1cil do mundo. <strong>Entre no site do Bet365<\/strong>. No <strong>canto superior direito<\/strong>, voc\u00ea ver\u00e1 um menu cuja op\u00e7\u00e3o \u00e9 <strong>&#8216;Eventos ao-vivo&#8217;<\/strong>. Clicando nessa se\u00e7\u00e3o, voc\u00ea entrar\u00e1 no servi\u00e7o onde o <strong>reprodutor de imagens<\/strong> est\u00e1 esperando por voc\u00ea e, ao lado dele, a lista de todos os encontros que est\u00e3o sendo retransmitidos, dentre os quais voc\u00ea pode escolher.<\/p>\n<p>Na outra aba da lista voc\u00ea tem \u00e0 sua disposi\u00e7\u00e3o um <strong>&#8216;Calend\u00e1rio&#8217;<\/strong> com as partidas que ser\u00e3o retransmitidas nos pr\u00f3ximos dias, que voc\u00ea pode selecionar por data, ou por esporte se n\u00e3o for futebol o que voc\u00ea quer ver. \u00c9 f\u00e1cil de usar e confort\u00e1vel.<\/p>\n<p>Voc\u00ea pode se conectar com cada jogo dois minutos antes da hora marcada para o seu in\u00edcio. A qualidade da retransmiss\u00e3o depende muito das vers\u00f5es do seu navegador e da velocidade de conex\u00e3o que voc\u00ea tem. Em qualquer caso, \u00e0s vezes voc\u00ea pode notar algum atraso, dependendo da velocidade da sua conex\u00e3o. Enquanto voc\u00ea assiste o jogo que escolheu, tamb\u00e9m pode ver os mercados mais recentes para poder colocar as suas apostas ao vivo e comodamente sem perder detalhes.<\/p>\n<div class=\"su-note\"  style=\"border-color:#d2d2d2;\"><div class=\"su-note-inner su-u-clearfix su-u-trim\" style=\"background-color:#ececec;border-color:#ffffff;color:#000000;\">\u00a0\u00bfVoc\u00ea gosta do b\u00f4nus de boas-vindas do bet365? Vote: <span id=\"post-ratings-26209\" class=\"post-ratings\" data-nonce=\"c1d2427f99\"><img decoding=\"async\" id=\"rating_26209_1\" src=\"https:\/\/betes.bet\/wp-content\/plugins\/wp-postratings\/images\/stars_crystal\/rating_on.gif\" alt=\"1 estrella\" title=\"1 estrella\" onmouseover=\"current_rating(26209, 1, '1 estrella');\" onmouseout=\"ratings_off(4.8, 5, 0);\" onclick=\"rate_post();\" onkeypress=\"rate_post();\" style=\"cursor: pointer; border: 0px;\" \/><img decoding=\"async\" id=\"rating_26209_2\" src=\"https:\/\/betes.bet\/wp-content\/plugins\/wp-postratings\/images\/stars_crystal\/rating_on.gif\" alt=\"2 estrellas\" title=\"2 estrellas\" onmouseover=\"current_rating(26209, 2, '2 estrellas');\" onmouseout=\"ratings_off(4.8, 5, 0);\" onclick=\"rate_post();\" onkeypress=\"rate_post();\" style=\"cursor: pointer; border: 0px;\" \/><img decoding=\"async\" id=\"rating_26209_3\" src=\"https:\/\/betes.bet\/wp-content\/plugins\/wp-postratings\/images\/stars_crystal\/rating_on.gif\" alt=\"3 estrellas\" title=\"3 estrellas\" onmouseover=\"current_rating(26209, 3, '3 estrellas');\" onmouseout=\"ratings_off(4.8, 5, 0);\" onclick=\"rate_post();\" onkeypress=\"rate_post();\" style=\"cursor: pointer; border: 0px;\" \/><img decoding=\"async\" id=\"rating_26209_4\" src=\"https:\/\/betes.bet\/wp-content\/plugins\/wp-postratings\/images\/stars_crystal\/rating_on.gif\" alt=\"4 estrellas\" title=\"4 estrellas\" onmouseover=\"current_rating(26209, 4, '4 estrellas');\" onmouseout=\"ratings_off(4.8, 5, 0);\" onclick=\"rate_post();\" onkeypress=\"rate_post();\" style=\"cursor: pointer; border: 0px;\" \/><img decoding=\"async\" id=\"rating_26209_5\" src=\"https:\/\/betes.bet\/wp-content\/plugins\/wp-postratings\/images\/stars_crystal\/rating_half.gif\" alt=\"5 estrellas\" title=\"5 estrellas\" onmouseover=\"current_rating(26209, 5, '5 estrellas');\" onmouseout=\"ratings_off(4.8, 5, 0);\" onclick=\"rate_post();\" onkeypress=\"rate_post();\" style=\"cursor: pointer; border: 0px;\" \/> (<strong>6<\/strong> votos, promedio: <strong>4,83<\/strong> de 5)<br \/><span class=\"post-ratings-text\" id=\"ratings_26209_text\"><\/span><\/span><span id=\"post-ratings-26209-loading\" class=\"post-ratings-loading\"><img decoding=\"async\" src=\"https:\/\/betes.bet\/wp-content\/plugins\/wp-postratings\/images\/loading.gif\" width=\"16\" height=\"16\" class=\"post-ratings-image\" \/>Loading...<\/span> <\/div><\/div>\n<h2>Poss\u00edveis problemas e como resolv\u00ea-los<\/h2>\n<p>Para visualizar corretamente os jogos em <strong><a href=\"https:\/\/recor.to\/bet365bet\" target=\"_blank\" rel=\"noopener noreferrer nofollow sponsored\">Bet365<\/a><\/strong>, voc\u00ea deve ter instalado em seu computador pelo menos o sistema operacional Windows XP, o Internet Explorer 8 ou as vers\u00f5es mais recentes dos outros navegadores (Firefox, Chrome e Opera). As retransmiss\u00f5es do Bet365 n\u00e3o podem incluir jogos que s\u00e3o transmitidos na televis\u00e3o brasileira ou canais privados, devido a quest\u00f5es de direitos de retransmiss\u00e3o. Para determinar em qual pa\u00eds voc\u00ea mora e aplicar esses direitos e oferecer as correspond\u00eancias que s\u00e3o legais para eles retransmitirem no Brasil, o Bet365 usar\u00e1 o endere\u00e7o IP do seu computador.<\/p>\n<p style=\"text-align: center;\"><iframe src=\"https:\/\/imstore.bet365affiliates.com\/365_571733-607-120-6-149-3-81667.aspx\" width=\"300\" height=\"300\" frameborder=\"0\" scrolling=\"no\"><\/iframe><\/p>\n<p>A velocidade m\u00ednima de banda larga para voc\u00ea ver as imagens decentemente deve ser de pelo menos 512kbps. Alguns problemas que voc\u00ea pode ter ao assistir os jogos podem ser:<\/p>\n<ul style=\"list-style-type: disc;\">\n<li>Se a retransmiss\u00e3o ou o site <strong><a href=\"https:\/\/recor.to\/bet365bet\" target=\"_blank\" rel=\"noopener noreferrer nofollow sponsored\">Bet365<\/a><\/strong> n\u00e3o carregar, acesse outras p\u00e1ginas da Internet com v\u00eddeo para verificar se voc\u00ea as v\u00ea corretamente ou n\u00e3o.<\/li>\n<li>Quando voc\u00ea n\u00e3o conssegue ver outras p\u00e1ginas com v\u00eddeo, os problemas s\u00e3o da sua conex\u00e3o: verifique a velocidade do seu ADSL e feche outros programas que possam estar consumindo banda (especialmente se forem P2P).<\/li>\n<li>Se voc\u00ea tiver alguns programas de seguran\u00e7a instalados (firewalls, bloqueadores de pop-up, etc.), isso pode impedir que voc\u00ea acesse a transmiss\u00e3o.<\/li>\n<li>No caso de que a tela ficar preta enquanto voc\u00ea assiste ao jogo, tente atualizar seu navegador ou atualize sua vers\u00e3o se houver uma nova.<\/li>\n<\/ul>\n<h3>Verifique o seguinte<\/h3>\n<ul style=\"list-style-type: disc;\">\n<li>Se voc\u00ea tiver \u00e1udio, mas n\u00e3o ver imagens, talvez n\u00e3o tenha largura de banda suficiente para receber o v\u00eddeo, mas o \u00e1udio pode. Se voc\u00ea assistir ao v\u00eddeo, mas n\u00e3o conseguir ouvir som, verifique a placa de som e os n\u00edveis de \u00e1udio. Voc\u00ea tamb\u00e9m pode tentar reinstalar o Flash.<\/li>\n<li>Voc\u00ea deve ter instalado:\n<ul>\n<li>A vers\u00e3o mais recente do Flash: verifique sua vers\u00e3o do Flash e se h\u00e1 uma mais nova dispon\u00edvel on-line.<\/li>\n<li>JavaScrip<\/li>\n<\/ul>\n<\/li>\n<li>No caso de que voc\u00ea n\u00e3o v\u00ea o v\u00eddeo, pode ser devido a pouca largura de banda. Voc\u00ea precisa de pelo menos 600kbits para assistir v\u00eddeos.<\/li>\n<\/ul>\n<div>Para resolver outros problemas t\u00e9cnicos que voc\u00ea pode ter para assistir as retransmiss\u00f5es ou consultar outras especifica\u00e7\u00f5es, acesse na sess\u00e3o &#8220;Problemas t\u00e9cnicos&#8221;. N\u00e3o fique nervoso, tudo tem um arranjo.<\/div>\n<h2 class=\"SectionInnerContent\">Assistir futebol desde o telefone celular<\/h2>\n<div>Como \u00faltima informa\u00e7\u00e3o, voc\u00ea deve saber que n\u00e3o \u00e9 permitido copiar ou reproduzir as imagens deste servi\u00e7o da p\u00e1gina\u00a0<span id=\"ctl00_MainPagePlaceHolder_ctl00_ctl00_ctl14_ctl03_ctl00_WrappedContentRepeater_ctl00_TextDivContainer\" class=\"Normal\"><strong><a href=\"https:\/\/recor.to\/bet365bet\" target=\"_blank\" rel=\"noopener noreferrer nofollow sponsored\">Bet365<\/a><\/strong><\/span>, elas s\u00e3o \u00fanica e exclusivamente para o uso pessoal dos clientes da casa.<\/div>\n<div><\/div>\n<div>Mas n\u00e3o quero terminar este relat\u00f3rio sem lhe dizer que pode aceder a este servi\u00e7o &#8220;Eventos ao-vivo&#8221; e ver futebol, bem como eventos esportivos do seu telem\u00f3vel ou tablet, seja Android ou iOS. Para fazer isso, basta baixar e instalar o aplicativo Bet365, no iTunes se voc\u00ea tiver um iPhone ou se tiver um dispositivo com Android, voc\u00ea pode obter o arquivo .apk clicando em seu site.<\/div>\n<div><\/div>\n<div>Importante, antes de baixar este arquivo para o seu celular voc\u00ea deve permitir o download de fontes desconhecidas, para isso voc\u00ea tem que selecionar esta\u00a0op\u00e7\u00e3o que est\u00e1 na seguinte rota: Configura\u00e7\u00f5es &gt; Seguran\u00e7a. Se voc\u00ea tiver alguma d\u00favida, recomendamos que voc\u00ea leia nosso artigo intitulado <a href=\"https:\/\/betes.bet\/pt-br\/aplicativo-bet365-movel\/\" target=\"_blank\" rel=\"noopener noreferrer\">Como baixar o aplicativo Bet365 no seu celular<\/a>. Voc\u00ea v\u00ea, sendo um cliente do <span id=\"ctl00_MainPagePlaceHolder_ctl00_ctl00_ctl14_ctl03_ctl00_WrappedContentRepeater_ctl00_TextDivContainer\" class=\"Normal\"><strong><a href=\"https:\/\/recor.to\/bet365bet\" target=\"_blank\" rel=\"noopener noreferrer nofollow sponsored\">Bet365<\/a><\/strong><\/span>\u00a0voc\u00ea pode curtir e viver o melhor futebol, mas tamb\u00e9m o t\u00eanis, basquete e outros eventos esportivos, seja em seu laptop ou desktop, ou no seu dispositivo m\u00f3vel com o sistema operacional que voc\u00ea tem. Outra raz\u00e3o para ser um cliente da casa de apostas l\u00edder no mercado.<\/div>\n<p><span id=\"tag20180806235640\"><\/span><script type=\"text\/javascript\" src='https:\/\/imstore.bet365affiliates.com\/PopulateText.aspx?AffiliateId=81667&#038;AffiliateCode=365_571733&#038;TagName=tag20180806235640&#038;CID=360&#038;PID=149&#038;LNG=3&#038;NewWindow=Y&#038;Mask=N'><\/script><script type=\"text\/javascript\">document.getElementById('tag20180806235640').innerHTML = returnText_tag20180806235640();<\/script><\/p>\n","protected":false},"excerpt":{"rendered":"<p>Voc\u00ea \u00e9 cliente do Bet365? Voc\u00ea sabia que os clientes do Bet365 t\u00eam a possibilidade de assistir diferentes partidas de futebol? \u26bd Sim, como voc\u00ea\u00a0l\u00ea, muitos n\u00e3o sabiam que, gra\u00e7as \u00e0 casa de apostas esportivas Bet365, voc\u00ea pode assistir determinados jogos de futebol ao vivo e em direto, SOMENTE PARA CLIENTES\u00a0\u2705 N\u00f3s contamos para voc\u00ea &#8230; <a title=\"Assistir futebol em direto com Bet365\" class=\"read-more\" href=\"https:\/\/betes.bet\/pt-br\/assistir-futebol-ao-vivo-com-bet365\/\" aria-label=\"Read more about Assistir futebol em direto com Bet365\">Leer mas<\/a><\/p>\n","protected":false},"author":6,"featured_media":0,"parent":0,"menu_order":52,"comment_status":"closed","ping_status":"closed","template":"","meta":{"_uag_custom_page_level_css":"","generate_page_header":"","footnotes":""},"class_list":["post-26209","page","type-page","status-publish"],"yoast_head":"<!-- This site is optimized with the Yoast SEO Premium plugin v27.1 (Yoast SEO v27.4) - https:\/\/yoast.com\/product\/yoast-seo-premium-wordpress\/ -->\n<title>\u26bd Como assistir futbol ao vivo com BET365 | maio de 2026<\/title>\n<meta name=\"description\" content=\"Voc\u00ea sabia que os clientes do Bet365 t\u00eam a possibilidade de assistir partidas de futebol? \u26bd Sim, voc\u00ea pode assistir jogos de futebol ao vivo e em directo com BET365 \u2705.\" \/>\n<meta name=\"robots\" content=\"index, follow, max-snippet:-1, max-image-preview:large, max-video-preview:-1\" \/>\n<link rel=\"canonical\" href=\"https:\/\/betes.bet\/pt-br\/assistir-futebol-ao-vivo-com-bet365\/\" \/>\n<meta property=\"og:locale\" content=\"pt_BR\" \/>\n<meta property=\"og:type\" content=\"article\" \/>\n<meta property=\"og:title\" content=\"Assistir futebol em direto com Bet365\" \/>\n<meta property=\"og:description\" content=\"Voc\u00ea sabia que os clientes do Bet365 t\u00eam a possibilidade de assistir partidas de futebol? \u26bd Sim, voc\u00ea pode assistir jogos de futebol ao vivo e em directo com BET365 \u2705.\" \/>\n<meta property=\"og:url\" content=\"https:\/\/betes.bet\/pt-br\/assistir-futebol-ao-vivo-com-bet365\/\" \/>\n<meta property=\"og:site_name\" content=\"Bet Es Bet - betes.bet\" \/>\n<meta property=\"article:modified_time\" content=\"2021-04-27T09:10:06+00:00\" \/>\n<meta property=\"og:image\" content=\"https:\/\/imstore.bet365affiliates.com\/?AffiliateCode=365_571733&amp;CID=194&amp;DID=421&amp;TID=1&amp;PID=149&amp;LNG=3\" \/>\n<meta name=\"twitter:card\" content=\"summary_large_image\" \/>\n<meta name=\"twitter:label1\" content=\"Est. tempo de leitura\" \/>\n\t<meta name=\"twitter:data1\" content=\"6 minutos\" \/>\n<script type=\"application\/ld+json\" class=\"yoast-schema-graph\">{\"@context\":\"https:\\\/\\\/schema.org\",\"@graph\":[{\"@type\":\"WebPage\",\"@id\":\"https:\\\/\\\/betes.bet\\\/pt-br\\\/assistir-futebol-ao-vivo-com-bet365\\\/\",\"url\":\"https:\\\/\\\/betes.bet\\\/pt-br\\\/assistir-futebol-ao-vivo-com-bet365\\\/\",\"name\":\"\u26bd Como assistir futbol ao vivo com BET365 | maio de 2026\",\"isPartOf\":{\"@id\":\"https:\\\/\\\/betes.bet\\\/#website\"},\"primaryImageOfPage\":{\"@id\":\"https:\\\/\\\/betes.bet\\\/pt-br\\\/assistir-futebol-ao-vivo-com-bet365\\\/#primaryimage\"},\"image\":{\"@id\":\"https:\\\/\\\/betes.bet\\\/pt-br\\\/assistir-futebol-ao-vivo-com-bet365\\\/#primaryimage\"},\"thumbnailUrl\":\"https:\\\/\\\/imstore.bet365affiliates.com\\\/?AffiliateCode=365_571733&amp;CID=194&amp;DID=421&amp;TID=1&amp;PID=149&amp;LNG=3\",\"datePublished\":\"2016-07-14T11:56:05+00:00\",\"dateModified\":\"2021-04-27T09:10:06+00:00\",\"description\":\"Voc\u00ea sabia que os clientes do Bet365 t\u00eam a possibilidade de assistir partidas de futebol? \u26bd Sim, voc\u00ea pode assistir jogos de futebol ao vivo e em directo com BET365 \u2705.\",\"breadcrumb\":{\"@id\":\"https:\\\/\\\/betes.bet\\\/pt-br\\\/assistir-futebol-ao-vivo-com-bet365\\\/#breadcrumb\"},\"inLanguage\":\"pt-BR\",\"potentialAction\":[{\"@type\":\"ReadAction\",\"target\":[\"https:\\\/\\\/betes.bet\\\/pt-br\\\/assistir-futebol-ao-vivo-com-bet365\\\/\"]}]},{\"@type\":\"ImageObject\",\"inLanguage\":\"pt-BR\",\"@id\":\"https:\\\/\\\/betes.bet\\\/pt-br\\\/assistir-futebol-ao-vivo-com-bet365\\\/#primaryimage\",\"url\":\"https:\\\/\\\/imstore.bet365affiliates.com\\\/?AffiliateCode=365_571733&amp;CID=194&amp;DID=421&amp;TID=1&amp;PID=149&amp;LNG=3\",\"contentUrl\":\"https:\\\/\\\/imstore.bet365affiliates.com\\\/?AffiliateCode=365_571733&amp;CID=194&amp;DID=421&amp;TID=1&amp;PID=149&amp;LNG=3\"},{\"@type\":\"BreadcrumbList\",\"@id\":\"https:\\\/\\\/betes.bet\\\/pt-br\\\/assistir-futebol-ao-vivo-com-bet365\\\/#breadcrumb\",\"itemListElement\":[{\"@type\":\"ListItem\",\"position\":1,\"name\":\"Portada\",\"item\":\"https:\\\/\\\/betes.bet\\\/\"},{\"@type\":\"ListItem\",\"position\":2,\"name\":\"Assistir futebol em direto com Bet365\"}]},{\"@type\":\"WebSite\",\"@id\":\"https:\\\/\\\/betes.bet\\\/#website\",\"url\":\"https:\\\/\\\/betes.bet\\\/\",\"name\":\"Bet Es Bet - betes.bet\",\"description\":\"Bet - Todos los Bonos de Apuestas - Bet\",\"publisher\":{\"@id\":\"https:\\\/\\\/betes.bet\\\/#organization\"},\"potentialAction\":[{\"@type\":\"SearchAction\",\"target\":{\"@type\":\"EntryPoint\",\"urlTemplate\":\"https:\\\/\\\/betes.bet\\\/?s={search_term_string}\"},\"query-input\":{\"@type\":\"PropertyValueSpecification\",\"valueRequired\":true,\"valueName\":\"search_term_string\"}}],\"inLanguage\":\"pt-BR\"},{\"@type\":\"Organization\",\"@id\":\"https:\\\/\\\/betes.bet\\\/#organization\",\"name\":\"Bet Es Bet - betes.bet\",\"url\":\"https:\\\/\\\/betes.bet\\\/\",\"logo\":{\"@type\":\"ImageObject\",\"inLanguage\":\"pt-BR\",\"@id\":\"https:\\\/\\\/betes.bet\\\/#\\\/schema\\\/logo\\\/image\\\/\",\"url\":\"https:\\\/\\\/betes.bet\\\/wp-content\\\/uploads\\\/2021\\\/09\\\/cropped-betesbet.png\",\"contentUrl\":\"https:\\\/\\\/betes.bet\\\/wp-content\\\/uploads\\\/2021\\\/09\\\/cropped-betesbet.png\",\"width\":361,\"height\":78,\"caption\":\"Bet Es Bet - betes.bet\"},\"image\":{\"@id\":\"https:\\\/\\\/betes.bet\\\/#\\\/schema\\\/logo\\\/image\\\/\"}}]}<\/script>\n<!-- \/ Yoast SEO Premium plugin. -->","yoast_head_json":{"title":"\u26bd Como assistir futbol ao vivo com BET365 | maio de 2026","description":"Voc\u00ea sabia que os clientes do Bet365 t\u00eam a possibilidade de assistir partidas de futebol? \u26bd Sim, voc\u00ea pode assistir jogos de futebol ao vivo e em directo com BET365 \u2705.","robots":{"index":"index","follow":"follow","max-snippet":"max-snippet:-1","max-image-preview":"max-image-preview:large","max-video-preview":"max-video-preview:-1"},"canonical":"https:\/\/betes.bet\/pt-br\/assistir-futebol-ao-vivo-com-bet365\/","og_locale":"pt_BR","og_type":"article","og_title":"Assistir futebol em direto com Bet365","og_description":"Voc\u00ea sabia que os clientes do Bet365 t\u00eam a possibilidade de assistir partidas de futebol? \u26bd Sim, voc\u00ea pode assistir jogos de futebol ao vivo e em directo com BET365 \u2705.","og_url":"https:\/\/betes.bet\/pt-br\/assistir-futebol-ao-vivo-com-bet365\/","og_site_name":"Bet Es Bet - betes.bet","article_modified_time":"2021-04-27T09:10:06+00:00","og_image":[{"url":"https:\/\/imstore.bet365affiliates.com\/?AffiliateCode=365_571733&amp;CID=194&amp;DID=421&amp;TID=1&amp;PID=149&amp;LNG=3","type":"","width":"","height":""}],"twitter_card":"summary_large_image","twitter_misc":{"Est. tempo de leitura":"6 minutos"},"schema":{"@context":"https:\/\/schema.org","@graph":[{"@type":"WebPage","@id":"https:\/\/betes.bet\/pt-br\/assistir-futebol-ao-vivo-com-bet365\/","url":"https:\/\/betes.bet\/pt-br\/assistir-futebol-ao-vivo-com-bet365\/","name":"\u26bd Como assistir futbol ao vivo com BET365 | maio de 2026","isPartOf":{"@id":"https:\/\/betes.bet\/#website"},"primaryImageOfPage":{"@id":"https:\/\/betes.bet\/pt-br\/assistir-futebol-ao-vivo-com-bet365\/#primaryimage"},"image":{"@id":"https:\/\/betes.bet\/pt-br\/assistir-futebol-ao-vivo-com-bet365\/#primaryimage"},"thumbnailUrl":"https:\/\/imstore.bet365affiliates.com\/?AffiliateCode=365_571733&amp;CID=194&amp;DID=421&amp;TID=1&amp;PID=149&amp;LNG=3","datePublished":"2016-07-14T11:56:05+00:00","dateModified":"2021-04-27T09:10:06+00:00","description":"Voc\u00ea sabia que os clientes do Bet365 t\u00eam a possibilidade de assistir partidas de futebol? \u26bd Sim, voc\u00ea pode assistir jogos de futebol ao vivo e em directo com BET365 \u2705.","breadcrumb":{"@id":"https:\/\/betes.bet\/pt-br\/assistir-futebol-ao-vivo-com-bet365\/#breadcrumb"},"inLanguage":"pt-BR","potentialAction":[{"@type":"ReadAction","target":["https:\/\/betes.bet\/pt-br\/assistir-futebol-ao-vivo-com-bet365\/"]}]},{"@type":"ImageObject","inLanguage":"pt-BR","@id":"https:\/\/betes.bet\/pt-br\/assistir-futebol-ao-vivo-com-bet365\/#primaryimage","url":"https:\/\/imstore.bet365affiliates.com\/?AffiliateCode=365_571733&amp;CID=194&amp;DID=421&amp;TID=1&amp;PID=149&amp;LNG=3","contentUrl":"https:\/\/imstore.bet365affiliates.com\/?AffiliateCode=365_571733&amp;CID=194&amp;DID=421&amp;TID=1&amp;PID=149&amp;LNG=3"},{"@type":"BreadcrumbList","@id":"https:\/\/betes.bet\/pt-br\/assistir-futebol-ao-vivo-com-bet365\/#breadcrumb","itemListElement":[{"@type":"ListItem","position":1,"name":"Portada","item":"https:\/\/betes.bet\/"},{"@type":"ListItem","position":2,"name":"Assistir futebol em direto com Bet365"}]},{"@type":"WebSite","@id":"https:\/\/betes.bet\/#website","url":"https:\/\/betes.bet\/","name":"Bet Es Bet - betes.bet","description":"Bet - Todos los Bonos de Apuestas - Bet","publisher":{"@id":"https:\/\/betes.bet\/#organization"},"potentialAction":[{"@type":"SearchAction","target":{"@type":"EntryPoint","urlTemplate":"https:\/\/betes.bet\/?s={search_term_string}"},"query-input":{"@type":"PropertyValueSpecification","valueRequired":true,"valueName":"search_term_string"}}],"inLanguage":"pt-BR"},{"@type":"Organization","@id":"https:\/\/betes.bet\/#organization","name":"Bet Es Bet - betes.bet","url":"https:\/\/betes.bet\/","logo":{"@type":"ImageObject","inLanguage":"pt-BR","@id":"https:\/\/betes.bet\/#\/schema\/logo\/image\/","url":"https:\/\/betes.bet\/wp-content\/uploads\/2021\/09\/cropped-betesbet.png","contentUrl":"https:\/\/betes.bet\/wp-content\/uploads\/2021\/09\/cropped-betesbet.png","width":361,"height":78,"caption":"Bet Es Bet - betes.bet"},"image":{"@id":"https:\/\/betes.bet\/#\/schema\/logo\/image\/"}}]}},"uagb_featured_image_src":{"full":false,"thumbnail":false,"medium":false,"medium_large":false,"large":false,"1536x1536":false,"2048x2048":false},"uagb_author_info":{"display_name":"Olga","author_link":"https:\/\/betes.bet\/pt-br\/author\/olga\/"},"uagb_comment_info":0,"uagb_excerpt":"Voc\u00ea \u00e9 cliente do Bet365? Voc\u00ea sabia que os clientes do Bet365 t\u00eam a possibilidade de assistir diferentes partidas de futebol? \u26bd Sim, como voc\u00ea\u00a0l\u00ea, muitos n\u00e3o sabiam que, gra\u00e7as \u00e0 casa de apostas esportivas Bet365, voc\u00ea pode assistir determinados jogos de futebol ao vivo e em direto, SOMENTE PARA CLIENTES\u00a0\u2705 N\u00f3s contamos para voc\u00ea&hellip;","_links":{"self":[{"href":"https:\/\/betes.bet\/pt-br\/wp-json\/wp\/v2\/pages\/26209","targetHints":{"allow":["GET"]}}],"collection":[{"href":"https:\/\/betes.bet\/pt-br\/wp-json\/wp\/v2\/pages"}],"about":[{"href":"https:\/\/betes.bet\/pt-br\/wp-json\/wp\/v2\/types\/page"}],"author":[{"embeddable":true,"href":"https:\/\/betes.bet\/pt-br\/wp-json\/wp\/v2\/users\/6"}],"replies":[{"embeddable":true,"href":"https:\/\/betes.bet\/pt-br\/wp-json\/wp\/v2\/comments?post=26209"}],"version-history":[{"count":0,"href":"https:\/\/betes.bet\/pt-br\/wp-json\/wp\/v2\/pages\/26209\/revisions"}],"wp:attachment":[{"href":"https:\/\/betes.bet\/pt-br\/wp-json\/wp\/v2\/media?parent=26209"}],"curies":[{"name":"wp","href":"https:\/\/api.w.org\/{rel}","templated":true}]}}