{"id":26210,"date":"2014-12-24T10:59:18","date_gmt":"2014-12-24T09:59:18","guid":{"rendered":"https:\/\/betes.bet\/aplicacion-888sport-movil\/"},"modified":"2024-01-03T15:09:28","modified_gmt":"2024-01-03T14:09:28","slug":"aplicativo-888sport-movel","status":"publish","type":"page","link":"https:\/\/betes.bet\/pt-br\/aplicativo-888sport-movel\/","title":{"rendered":"\ud83d\udd0d Baixar e instalar o APP 888sport para o celular"},"content":{"rendered":"\t\t<div data-elementor-type=\"wp-page\" data-elementor-id=\"26210\" class=\"elementor elementor-26210 elementor-2471\" data-elementor-post-type=\"page\">\n\t\t\t\t\t\t<section class=\"elementor-section elementor-top-section elementor-element elementor-element-1f69a962 elementor-section-boxed elementor-section-height-default elementor-section-height-default\" data-id=\"1f69a962\" data-element_type=\"section\">\n\t\t\t\t\t\t<div class=\"elementor-container elementor-column-gap-default\">\n\t\t\t\t\t<div class=\"elementor-column elementor-col-100 elementor-top-column elementor-element elementor-element-19037bb6\" data-id=\"19037bb6\" data-element_type=\"column\">\n\t\t\t<div class=\"elementor-widget-wrap elementor-element-populated\">\n\t\t\t\t\t\t<div class=\"elementor-element elementor-element-23ff208e elementor-widget elementor-widget-text-editor\" data-id=\"23ff208e\" data-element_type=\"widget\" data-widget_type=\"text-editor.default\">\n\t\t\t\t<div class=\"elementor-widget-container\">\n\t\t\t\t\t\t\t\t\t<p><strong>Se voc\u00ea \u00e9 um usu\u00e1rio de <a href=\"https:\/\/recor.to\/888sportbet\" target=\"_blank\" rel=\"noopener noreferrer nofollow sponsored\">888sport<\/a> e ainda n\u00e3o tem o seu app instalada, voc\u00ea est\u00e1 perdendo alguns bons segundos que podem ser decisivos para obter uma melhor cota de apostas ao vivo e em directo<\/strong>. Com o app de 888sport voc\u00ea tem a melhor ferramenta para fazer todas as suas apostas esportivas desde qualquer lugar com wifi&#8230; com o aplicativo 888Sport m\u00f3vel.<\/p>\n<p><a href=\"https:\/\/recor.to\/888sportbet\" target=\"_blank\" rel=\"noopener noreferrer nofollow sponsored\"><img fetchpriority=\"high\" decoding=\"async\" src=\"https:\/\/betes.bet\/wp-content\/uploads\/2019\/02\/APP-888_BET-copy.jpg\" alt=\"Tudo o que voc\u00ea precisa saber sobre a APP de 888Sport.\" width=\"550\" height=\"369\"><\/a><\/p>\n<p>O app de 888sport \u00e9 muito simples de usar e voc\u00ea far\u00e1 suas apostas em segundos, sejam simples ou combinadas. Voc\u00ea pode fazer suas apostas mesmo quando estejam mudando os marcadores e as a\u00e7\u00f5es de mercado para poder negociar e garantir lucros ou pelo menos minimizar perdas.<\/p>\n<p>Revisando, o app de 888sport est\u00e1 melhorando constantemente e cada atualiza\u00e7\u00e3o tem novos recursos. Neste sentido, ter <strong>este aplicativo instalado no seu celular permitir\u00e1 que voc\u00ea fa\u00e7a apostas em tempo real, mas voc\u00ea tamb\u00e9m ter\u00e1 acesso direto \u00e0 sua conta e poder\u00e1 fazer transfer\u00eancias seguras tanto em dep\u00f3sitos quanto em saques de dinheiro<\/strong>. Oh! E voc\u00ea pode ver corretamente em um \u00fanico bilhete todas as suas apostas pendentes.<\/p>\n<p>Algumas novidades das \u00faltimas vers\u00f5es s\u00e3o a <strong>representa\u00e7\u00e3o visual interativa dos encontros em tempo real<\/strong>, que oferece informa\u00e7\u00f5es valiosas sobre o que est\u00e1 acontecendo em cada jogo. Nas apostas ao vivo tamb\u00e9m houve melhorias consider\u00e1veis oferecendo-lhe <strong>not\u00edcias de \u00faltima hora e atualiza\u00e7\u00f5es de quotas<\/strong>.<\/p>\n<p>Voc\u00ea tamb\u00e9m <strong>tem um motor de busca<\/strong> melhorado por equipes, jogadores, campeonatos, esportes&#8230; E outra novidade \u00e9 um desenho responsivo baseado em janelas para oferecer uma navega\u00e7\u00e3o mais simples, mais intuitiva e mais r\u00e1pida. O objetivo de todas essas melhorias \u00e9 oferecer uma \u00f3tima experi\u00eancia ao usu\u00e1rio e viver a emo\u00e7\u00e3o de apostar onde quer que voc\u00ea esteja.<\/p>\n<h2><span style=\"color: #b22222;\"><strong>Passos para baixar o aplicativo 888sport M\u00f3vel: app para iPhone e Android<\/strong><\/span><\/h2>\n<p>Agora todos os eventos esportivos que voc\u00ea teve em seu PC tamb\u00e9m estar\u00e3o dispon\u00edveis para voc\u00ea ao seu alcance com o <strong>app m\u00f3vel de 888 Sport, mas antes de tudo voc\u00ea tem que avan\u00e7ar numa s\u00e9rie de etapas para obter o App de 888sport.com:<\/strong><\/p>\n<ol>\n<li>A primeira coisa \u00e9 estar cadastrado em <a href=\"https:\/\/recor.to\/888sportbet\" target=\"_blank\" rel=\"noopener noreferrer nofollow sponsored\">888sport.com<\/a>&nbsp;Se voc\u00ea ainda n\u00e3o est\u00e1 cadastrado, <a href=\"https:\/\/recor.to\/888sportbet\" target=\"_blank\" rel=\"noopener noreferrer nofollow sponsored\">pode se registrar desde aqui<\/a> e aproveitar o seu b\u00f4nus de boas-vindas de 888sport, e voc\u00ea pode ganhar at\u00e9 <strong><a href=\"https:\/\/betes.bet\/pt-br\/promocao-bonus-888sport\/\" target=\"_blank\" rel=\"noopener noreferrer\">R$500 EXTRA em apostas <\/a><\/strong>ou <em>free bets<\/em>, como preferir.<\/li>\n<li>Voc\u00ea tem que selecionar o App de 888sport de acordo com o dispositivo que voc\u00ea tem. Atualmente, a 888sport nos permitir\u00e1 fazer apostas tanto de um celular com sistema Android quanto desde um dispositivo da Apple (sistemas operacionais iOS).<\/li>\n<li>As apps de 888sport t\u00eam um desenho intuitivo que lhe permitir\u00e1 apostar com um \u00fanico clique a qualquer momento e em qualquer lugar, seja a partir do <em>smartphone<\/em> ou tablet. Com eles, voc\u00ea ter\u00e1 acesso a centenas de eventos dispon\u00edveis 24\/7 no futebol, t\u00eanis, basquete, motociclismo, F\u00f3rmula 1 e muitos outros esportes.<\/li>\n<\/ol>\n<h2><strong>888sport baixar o app para Android, 888sport.apk<\/strong><\/h2>\n<p><a href=\"https:\/\/recor.to\/888sportbet\" target=\"_blank\" rel=\"noopener noreferrer nofollow sponsored\"><img decoding=\"async\" src=\"https:\/\/betes.bet\/wp-content\/uploads\/2019\/02\/DESCARGAR-APP-888_BET-copy.jpg\" alt=\"Tudo o que voc\u00ea precisa saber sobre como baixar o APP de 888Sport.\" width=\"580\" height=\"255\"><\/a><\/p>\n<p>Para obter o aplicativo m\u00f3vel para Android de 888sport, basta baixar o arquivo .apk que lhes deixamos para download e, com esse arquivo, voc\u00ea poder\u00e1 instalar o app em seu dispositivo Android.<\/p>\n<p>\u00c9 importante que em Configura\u00e7\u00f5es &gt; Seguran\u00e7a voc\u00ea permita o download de arquivos de fontes desconhecidas. Uma vez baixado este aplicativo, voc\u00ea pode desativar esta caixa novamente.<\/p>\n<p>O app de 888sport n\u00e3o est\u00e1 dispon\u00edvel no mercado do Google App porque a pol\u00edtica da empresa n\u00e3o oferece nenhum aplicativo de apostas esportivas ou cassinos on-line que sejam executados com dinheiro real.<\/p>\n<h3><a href=\"https:\/\/recor.to\/888sportbet\" target=\"_blank\" rel=\"noopener noreferrer nofollow sponsored\"><img decoding=\"async\" src=\"https:\/\/betes.bet\/wp-content\/uploads\/2019\/02\/download.jpg\" alt=\"Baixar o arquivo da app de 888.com\" width=\"160\" height=\"45\"><\/a><a href=\"https:\/\/betes.bet\/\/descargas\/Aplicacion-888Sport-movil-Android.apk\" target=\"_blank\" rel=\"noopener noreferrer\">Aplicativo m\u00f3vel para Android de 888sport<\/a><\/h3>\n<p>&nbsp;<\/p>\n<h2>888sport baixar o app para iPhone<\/h2>\n<p>Voc\u00ea pode baixar o app de Apple assim:<\/p>\n<p><strong>1.<\/strong> Entre em App Store<br><strong>2.<\/strong> Buscar \u201c888Sport\u201d<br><strong>3.<\/strong> Baixar o app<\/p>\n<p><strong>Abra uma conta em 888sport e receba at\u00e9 R$500 em apostas <\/strong>, um b\u00f4nus de boas-vindas que lhe dar\u00e1 b\u00f4nus de 100% mais ao fazer suas apostas. N\u00f3s damos-lhe todos os detalhes deste b\u00f4nus de boas-vindas 888sport <a href=\"https:\/\/betes.bet\/pt-br\/promocao-bonus-888sport\/\">aqui<\/a>.<\/p>\n<p>Indicamos que a vers\u00e3o mais recente deste app tem um peso de 6,3 MB e requer o iOS 8.0 ou posterior.<\/p>\n<p><a href=\"https:\/\/betes.bet\/pt-br\/promocao-bonus-888sport\/\" target=\"_blank\" style=\"font-family: var( --e-global-typography-text-font-family ), Sans-serif; font-weight: var( --e-global-typography-text-font-weight ); background-color: rgb(255, 255, 255);\">Confira o melhor b\u00f4nus do 888sport aqui!<\/a><\/p><p><span style=\"color: rgb(178, 25, 1); font-family: inherit; font-size: 30px; font-style: inherit;\">Vantagens do App de 888sport<\/span><br><\/p>\n<p><a href=\"https:\/\/recor.to\/888sportbet\" target=\"_blank\" rel=\"noopener noreferrer nofollow sponsored\"><img loading=\"lazy\" decoding=\"async\" src=\"https:\/\/betes.bet\/wp-content\/uploads\/2019\/02\/VENTAJAS-DE-LA-APP-888_BET-copy.jpg\" alt=\"Saiba todas as vantagens do app de 888.com\" width=\"548\" height=\"449\"><\/a><\/p>\n<p>O aplicativo de 888sport oferece vantagens importantes ao fazer suas apostas com o uso da vers\u00e3o m\u00f3vel. Ent\u00e3o, destacamos:<\/p>\n<ol>\n<li><strong>Aposte mais r\u00e1pido<\/strong> atrav\u00e9s do app. Estando cadastrado no aplicativo n\u00e3o \u00e9 mais necess\u00e1rio fazer o login toda vez que entrarmos. \u00c9 um passo que poupamos e esses segundos podem ser decisivos ao apostar numa cota interessante ou n\u00e3o.<\/li>\n<li><strong>Vers\u00f5es mais r\u00e1pidas no app<\/strong>. Quando acessamos na vers\u00e3o desktop ou at\u00e9 mesmo a vers\u00e3o m\u00f3vel temos que baixar uma quantidade de dados que n\u00e3o devem ser baixados no app, por exemplo logotipos, banners, etc&#8230; porque ocupam e pesam um espa\u00e7o que no app n\u00e3o tem que baixar, e, portanto, podemos fazer a aposta e \u00e9 muito mais r\u00e1pida.<\/li>\n<li>O app de 888sport foi <strong>projetada para mercados <em>live<\/em><\/strong>. Uma das caracter\u00edsticas de quase todos os aplicativos \u00e9 que foram desenhados para fazer apostas ao vivo e em directo, na 888sport tamb\u00e9m \u00e9 assim.<\/li>\n<\/ol>\n<h2>888sport e celulares compat\u00edveis<\/h2>\n<p>O <strong>aplicativo Android de <a href=\"https:\/\/recor.to\/888sportbet\" target=\"_blank\" rel=\"noopener noreferrer nofollow sponsored\">888Sport<\/a><\/strong> \u00e9 <strong>compat\u00edvel<\/strong> com a grande maioria dos dispositivos Android e os mercados em 888sport.<\/p>\n<p>Funciona com: HTC Incredible S, HTC Legend, HTC Magic, HTC Uno X, HTC uno XL, HTC One S, HTC Uno V, HTC Aria, HTC Desire, HTC Hero, HTC Desire Z, HTC Wildfire, HTC Sensation, HTC Sensation XL, HTC Wildfire S, Samsung Galaxy Nexus, Samsung Galaxy Ace, Samsung Galaxy S4, Samsung Galaxy S2, Samsung Galaxy S3, Samsung Galaxy Mini, Samsung Galaxy S, Samsung Galaxy X, Samsung Galaxy Note, Samsung Galaxy Note 2, LG Optimus, Motorola Atrix, Motorola Defy, Sony Ericsson Xperia Arc, Sony Ericsson Xperia Neo, Sony Ericsson Xperia X10, Galaxy Tab, Galaxy Tab 2, Motorola Zoom, Galaxy Tab 10.1, LG Nexus, Google Nexus Tablet e Nexus 7.<\/p>\n<p>Indicar finalmente que a 888 tamb\u00e9m tem outro aplicativo para jogar Poker com dinheiro real ou em modo pr\u00e1tica, assim tamb\u00e9m como um app para desfrutar de jogos de cassino cl\u00e1ssicos, como blackjack, roleta e tamb\u00e9m ca\u00e7a-n\u00edqueis ou slots.<\/p>\n<p>Se voc\u00ea tiver alguma d\u00favida voc\u00ea pode entrar em contato com o departamento de Atendimento ao Clientedesde a p\u00e1gina <a href=\"https:\/\/br.888.com\/\" target=\"_blank\" rel=\"noopener noreferrer\">888.com<\/a>, infelizmente eles n\u00e3o t\u00eam chat ao vivo ou telefone gratuito.<\/p>\n<p><div class=\"su-note\"  style=\"border-color:#d2d2d2;\"><div class=\"su-note-inner su-u-clearfix su-u-trim\" style=\"background-color:#ececec;border-color:#ffffff;color:#000000;\"> Voc\u00ea gosta do bono de 888sport? Vote : <span id=\"post-ratings-26210\" class=\"post-ratings\" data-nonce=\"0e4866f801\"><img decoding=\"async\" id=\"rating_26210_1\" src=\"https:\/\/betes.bet\/wp-content\/plugins\/wp-postratings\/images\/stars_crystal\/rating_on.gif\" alt=\"1 estrella\" title=\"1 estrella\" onmouseover=\"current_rating(26210, 1, '1 estrella');\" onmouseout=\"ratings_off(4.8, 5, 0);\" onclick=\"rate_post();\" onkeypress=\"rate_post();\" style=\"cursor: pointer; border: 0px;\" \/><img decoding=\"async\" id=\"rating_26210_2\" src=\"https:\/\/betes.bet\/wp-content\/plugins\/wp-postratings\/images\/stars_crystal\/rating_on.gif\" alt=\"2 estrellas\" title=\"2 estrellas\" onmouseover=\"current_rating(26210, 2, '2 estrellas');\" onmouseout=\"ratings_off(4.8, 5, 0);\" onclick=\"rate_post();\" onkeypress=\"rate_post();\" style=\"cursor: pointer; border: 0px;\" \/><img decoding=\"async\" id=\"rating_26210_3\" src=\"https:\/\/betes.bet\/wp-content\/plugins\/wp-postratings\/images\/stars_crystal\/rating_on.gif\" alt=\"3 estrellas\" title=\"3 estrellas\" onmouseover=\"current_rating(26210, 3, '3 estrellas');\" onmouseout=\"ratings_off(4.8, 5, 0);\" onclick=\"rate_post();\" onkeypress=\"rate_post();\" style=\"cursor: pointer; border: 0px;\" \/><img decoding=\"async\" id=\"rating_26210_4\" src=\"https:\/\/betes.bet\/wp-content\/plugins\/wp-postratings\/images\/stars_crystal\/rating_on.gif\" alt=\"4 estrellas\" title=\"4 estrellas\" onmouseover=\"current_rating(26210, 4, '4 estrellas');\" onmouseout=\"ratings_off(4.8, 5, 0);\" onclick=\"rate_post();\" onkeypress=\"rate_post();\" style=\"cursor: pointer; border: 0px;\" \/><img decoding=\"async\" id=\"rating_26210_5\" src=\"https:\/\/betes.bet\/wp-content\/plugins\/wp-postratings\/images\/stars_crystal\/rating_half.gif\" alt=\"5 estrellas\" title=\"5 estrellas\" onmouseover=\"current_rating(26210, 5, '5 estrellas');\" onmouseout=\"ratings_off(4.8, 5, 0);\" onclick=\"rate_post();\" onkeypress=\"rate_post();\" style=\"cursor: pointer; border: 0px;\" \/> (<strong>6<\/strong> votos, promedio: <strong>4,83<\/strong> de 5)<br \/><span class=\"post-ratings-text\" id=\"ratings_26210_text\"><\/span><\/span><span id=\"post-ratings-26210-loading\" class=\"post-ratings-loading\"><img loading=\"lazy\" decoding=\"async\" src=\"https:\/\/betes.bet\/wp-content\/plugins\/wp-postratings\/images\/loading.gif\" width=\"16\" height=\"16\" class=\"post-ratings-image\" \/>Loading&#8230;<\/span> <\/div><\/div><\/p>\t\t\t\t\t\t\t\t<\/div>\n\t\t\t\t<\/div>\n\t\t\t\t\t<\/div>\n\t\t<\/div>\n\t\t\t\t\t<\/div>\n\t\t<\/section>\n\t\t\t\t<\/div>\n\t\t","protected":false},"excerpt":{"rendered":"<p>Se voc\u00ea \u00e9 um usu\u00e1rio de 888sport e ainda n\u00e3o tem o seu app instalada, voc\u00ea est\u00e1 perdendo alguns bons segundos que podem ser decisivos para obter uma melhor cota de apostas ao vivo e em directo. Com o app de 888sport voc\u00ea tem a melhor ferramenta para fazer todas as suas apostas esportivas desde &#8230; <a title=\"\ud83d\udd0d Baixar e instalar o APP 888sport para o celular\" class=\"read-more\" href=\"https:\/\/betes.bet\/pt-br\/aplicativo-888sport-movel\/\" aria-label=\"Read more about \ud83d\udd0d Baixar e instalar o APP 888sport para o celular\">Leer mas<\/a><\/p>\n","protected":false},"author":7,"featured_media":0,"parent":0,"menu_order":4,"comment_status":"open","ping_status":"open","template":"","meta":{"_uag_custom_page_level_css":"","generate_page_header":"","footnotes":""},"class_list":["post-26210","page","type-page","status-publish"],"yoast_head":"<!-- This site is optimized with the Yoast SEO Premium plugin v27.1 (Yoast SEO v26.6) - https:\/\/yoast.com\/wordpress\/plugins\/seo\/ -->\n<title>\ud83d\udd0d Baixar o APP 888sport para o m\u00f3vel gr\u00e1tis \u2705 - abril 2026<\/title>\n<meta name=\"description\" content=\"\u2705 Baixe seu app de 888sport para diferentes dispositivos m\u00f3veis. Download completamente gr\u00e1tis. Aposte com a \u00faltima Vers\u00e3o do aplicativo de 888Sport m\u00f3vel abril 2026\" \/>\n<meta name=\"robots\" content=\"index, follow, max-snippet:-1, max-image-preview:large, max-video-preview:-1\" \/>\n<link rel=\"canonical\" href=\"https:\/\/betes.bet\/pt-br\/aplicativo-888sport-movel\/\" \/>\n<meta property=\"og:locale\" content=\"pt_BR\" \/>\n<meta property=\"og:type\" content=\"article\" \/>\n<meta property=\"og:title\" content=\"\ud83d\udd0d Baixar o APP 888sport para o m\u00f3vel gr\u00e1tis \u2705 - abril 2026\" \/>\n<meta property=\"og:description\" content=\"\u2705 Baixe seu app de 888sport para diferentes dispositivos m\u00f3veis. Download completamente gr\u00e1tis. Aposte com a \u00faltima Vers\u00e3o do aplicativo de 888Sport m\u00f3vel abril 2026\" \/>\n<meta property=\"og:url\" content=\"https:\/\/betes.bet\/pt-br\/aplicativo-888sport-movel\/\" \/>\n<meta property=\"og:site_name\" content=\"Bet Es Bet - betes.bet\" \/>\n<meta property=\"article:modified_time\" content=\"2024-01-03T14:09:28+00:00\" \/>\n<meta property=\"og:image\" content=\"https:\/\/betes.bet\/wp-content\/uploads\/2019\/02\/APP-888_BET-copy.jpg\" \/>\n<meta name=\"twitter:card\" content=\"summary_large_image\" \/>\n<meta name=\"twitter:label1\" content=\"Est. tempo de leitura\" \/>\n\t<meta name=\"twitter:data1\" content=\"7 minutos\" \/>\n<script type=\"application\/ld+json\" class=\"yoast-schema-graph\">{\"@context\":\"https:\/\/schema.org\",\"@graph\":[{\"@type\":\"WebPage\",\"@id\":\"https:\/\/betes.bet\/pt-br\/aplicativo-888sport-movel\/\",\"url\":\"https:\/\/betes.bet\/pt-br\/aplicativo-888sport-movel\/\",\"name\":\"\ud83d\udd0d Baixar o APP 888sport para o m\u00f3vel gr\u00e1tis \u2705 - abril 2026\",\"isPartOf\":{\"@id\":\"https:\/\/betes.bet\/#website\"},\"primaryImageOfPage\":{\"@id\":\"https:\/\/betes.bet\/pt-br\/aplicativo-888sport-movel\/#primaryimage\"},\"image\":{\"@id\":\"https:\/\/betes.bet\/pt-br\/aplicativo-888sport-movel\/#primaryimage\"},\"thumbnailUrl\":\"https:\/\/betes.bet\/wp-content\/uploads\/2019\/02\/APP-888_BET-copy.jpg\",\"datePublished\":\"2014-12-24T09:59:18+00:00\",\"dateModified\":\"2024-01-03T14:09:28+00:00\",\"description\":\"\u2705 Baixe seu app de 888sport para diferentes dispositivos m\u00f3veis. Download completamente gr\u00e1tis. Aposte com a \u00faltima Vers\u00e3o do aplicativo de 888Sport m\u00f3vel abril 2026\",\"breadcrumb\":{\"@id\":\"https:\/\/betes.bet\/pt-br\/aplicativo-888sport-movel\/#breadcrumb\"},\"inLanguage\":\"pt-BR\",\"potentialAction\":[{\"@type\":\"ReadAction\",\"target\":[\"https:\/\/betes.bet\/pt-br\/aplicativo-888sport-movel\/\"]}]},{\"@type\":\"ImageObject\",\"inLanguage\":\"pt-BR\",\"@id\":\"https:\/\/betes.bet\/pt-br\/aplicativo-888sport-movel\/#primaryimage\",\"url\":\"https:\/\/betes.bet\/wp-content\/uploads\/2019\/02\/APP-888_BET-copy.jpg\",\"contentUrl\":\"https:\/\/betes.bet\/wp-content\/uploads\/2019\/02\/APP-888_BET-copy.jpg\"},{\"@type\":\"BreadcrumbList\",\"@id\":\"https:\/\/betes.bet\/pt-br\/aplicativo-888sport-movel\/#breadcrumb\",\"itemListElement\":[{\"@type\":\"ListItem\",\"position\":1,\"name\":\"Portada\",\"item\":\"https:\/\/betes.bet\/\"},{\"@type\":\"ListItem\",\"position\":2,\"name\":\"\ud83d\udd0d Baixar e instalar o APP 888sport para o celular\"}]},{\"@type\":\"WebSite\",\"@id\":\"https:\/\/betes.bet\/#website\",\"url\":\"https:\/\/betes.bet\/\",\"name\":\"Bet Es Bet - betes.bet\",\"description\":\"Bet - Todos los Bonos de Apuestas - Bet\",\"publisher\":{\"@id\":\"https:\/\/betes.bet\/#organization\"},\"potentialAction\":[{\"@type\":\"SearchAction\",\"target\":{\"@type\":\"EntryPoint\",\"urlTemplate\":\"https:\/\/betes.bet\/?s={search_term_string}\"},\"query-input\":{\"@type\":\"PropertyValueSpecification\",\"valueRequired\":true,\"valueName\":\"search_term_string\"}}],\"inLanguage\":\"pt-BR\"},{\"@type\":\"Organization\",\"@id\":\"https:\/\/betes.bet\/#organization\",\"name\":\"Bet Es Bet - betes.bet\",\"url\":\"https:\/\/betes.bet\/\",\"logo\":{\"@type\":\"ImageObject\",\"inLanguage\":\"pt-BR\",\"@id\":\"https:\/\/betes.bet\/#\/schema\/logo\/image\/\",\"url\":\"https:\/\/betes.bet\/wp-content\/uploads\/2021\/09\/cropped-betesbet.png\",\"contentUrl\":\"https:\/\/betes.bet\/wp-content\/uploads\/2021\/09\/cropped-betesbet.png\",\"width\":361,\"height\":78,\"caption\":\"Bet Es Bet - betes.bet\"},\"image\":{\"@id\":\"https:\/\/betes.bet\/#\/schema\/logo\/image\/\"}}]}<\/script>\n<!-- \/ Yoast SEO Premium plugin. -->","yoast_head_json":{"title":"\ud83d\udd0d Baixar o APP 888sport para o m\u00f3vel gr\u00e1tis \u2705 - abril 2026","description":"\u2705 Baixe seu app de 888sport para diferentes dispositivos m\u00f3veis. Download completamente gr\u00e1tis. Aposte com a \u00faltima Vers\u00e3o do aplicativo de 888Sport m\u00f3vel abril 2026","robots":{"index":"index","follow":"follow","max-snippet":"max-snippet:-1","max-image-preview":"max-image-preview:large","max-video-preview":"max-video-preview:-1"},"canonical":"https:\/\/betes.bet\/pt-br\/aplicativo-888sport-movel\/","og_locale":"pt_BR","og_type":"article","og_title":"\ud83d\udd0d Baixar o APP 888sport para o m\u00f3vel gr\u00e1tis \u2705 - abril 2026","og_description":"\u2705 Baixe seu app de 888sport para diferentes dispositivos m\u00f3veis. Download completamente gr\u00e1tis. Aposte com a \u00faltima Vers\u00e3o do aplicativo de 888Sport m\u00f3vel abril 2026","og_url":"https:\/\/betes.bet\/pt-br\/aplicativo-888sport-movel\/","og_site_name":"Bet Es Bet - betes.bet","article_modified_time":"2024-01-03T14:09:28+00:00","og_image":[{"url":"https:\/\/betes.bet\/wp-content\/uploads\/2019\/02\/APP-888_BET-copy.jpg","type":"","width":"","height":""}],"twitter_card":"summary_large_image","twitter_misc":{"Est. tempo de leitura":"7 minutos"},"schema":{"@context":"https:\/\/schema.org","@graph":[{"@type":"WebPage","@id":"https:\/\/betes.bet\/pt-br\/aplicativo-888sport-movel\/","url":"https:\/\/betes.bet\/pt-br\/aplicativo-888sport-movel\/","name":"\ud83d\udd0d Baixar o APP 888sport para o m\u00f3vel gr\u00e1tis \u2705 - abril 2026","isPartOf":{"@id":"https:\/\/betes.bet\/#website"},"primaryImageOfPage":{"@id":"https:\/\/betes.bet\/pt-br\/aplicativo-888sport-movel\/#primaryimage"},"image":{"@id":"https:\/\/betes.bet\/pt-br\/aplicativo-888sport-movel\/#primaryimage"},"thumbnailUrl":"https:\/\/betes.bet\/wp-content\/uploads\/2019\/02\/APP-888_BET-copy.jpg","datePublished":"2014-12-24T09:59:18+00:00","dateModified":"2024-01-03T14:09:28+00:00","description":"\u2705 Baixe seu app de 888sport para diferentes dispositivos m\u00f3veis. Download completamente gr\u00e1tis. Aposte com a \u00faltima Vers\u00e3o do aplicativo de 888Sport m\u00f3vel abril 2026","breadcrumb":{"@id":"https:\/\/betes.bet\/pt-br\/aplicativo-888sport-movel\/#breadcrumb"},"inLanguage":"pt-BR","potentialAction":[{"@type":"ReadAction","target":["https:\/\/betes.bet\/pt-br\/aplicativo-888sport-movel\/"]}]},{"@type":"ImageObject","inLanguage":"pt-BR","@id":"https:\/\/betes.bet\/pt-br\/aplicativo-888sport-movel\/#primaryimage","url":"https:\/\/betes.bet\/wp-content\/uploads\/2019\/02\/APP-888_BET-copy.jpg","contentUrl":"https:\/\/betes.bet\/wp-content\/uploads\/2019\/02\/APP-888_BET-copy.jpg"},{"@type":"BreadcrumbList","@id":"https:\/\/betes.bet\/pt-br\/aplicativo-888sport-movel\/#breadcrumb","itemListElement":[{"@type":"ListItem","position":1,"name":"Portada","item":"https:\/\/betes.bet\/"},{"@type":"ListItem","position":2,"name":"\ud83d\udd0d Baixar e instalar o APP 888sport para o celular"}]},{"@type":"WebSite","@id":"https:\/\/betes.bet\/#website","url":"https:\/\/betes.bet\/","name":"Bet Es Bet - betes.bet","description":"Bet - Todos los Bonos de Apuestas - Bet","publisher":{"@id":"https:\/\/betes.bet\/#organization"},"potentialAction":[{"@type":"SearchAction","target":{"@type":"EntryPoint","urlTemplate":"https:\/\/betes.bet\/?s={search_term_string}"},"query-input":{"@type":"PropertyValueSpecification","valueRequired":true,"valueName":"search_term_string"}}],"inLanguage":"pt-BR"},{"@type":"Organization","@id":"https:\/\/betes.bet\/#organization","name":"Bet Es Bet - betes.bet","url":"https:\/\/betes.bet\/","logo":{"@type":"ImageObject","inLanguage":"pt-BR","@id":"https:\/\/betes.bet\/#\/schema\/logo\/image\/","url":"https:\/\/betes.bet\/wp-content\/uploads\/2021\/09\/cropped-betesbet.png","contentUrl":"https:\/\/betes.bet\/wp-content\/uploads\/2021\/09\/cropped-betesbet.png","width":361,"height":78,"caption":"Bet Es Bet - betes.bet"},"image":{"@id":"https:\/\/betes.bet\/#\/schema\/logo\/image\/"}}]}},"uagb_featured_image_src":{"full":false,"thumbnail":false,"medium":false,"medium_large":false,"large":false,"1536x1536":false,"2048x2048":false},"uagb_author_info":{"display_name":"Jon","author_link":"https:\/\/betes.bet\/pt-br\/author\/jon\/"},"uagb_comment_info":1,"uagb_excerpt":"Se voc\u00ea \u00e9 um usu\u00e1rio de 888sport e ainda n\u00e3o tem o seu app instalada, voc\u00ea est\u00e1 perdendo alguns bons segundos que podem ser decisivos para obter uma melhor cota de apostas ao vivo e em directo. Com o app de 888sport voc\u00ea tem a melhor ferramenta para fazer todas as suas apostas esportivas desde&hellip;","_links":{"self":[{"href":"https:\/\/betes.bet\/pt-br\/wp-json\/wp\/v2\/pages\/26210","targetHints":{"allow":["GET"]}}],"collection":[{"href":"https:\/\/betes.bet\/pt-br\/wp-json\/wp\/v2\/pages"}],"about":[{"href":"https:\/\/betes.bet\/pt-br\/wp-json\/wp\/v2\/types\/page"}],"author":[{"embeddable":true,"href":"https:\/\/betes.bet\/pt-br\/wp-json\/wp\/v2\/users\/7"}],"replies":[{"embeddable":true,"href":"https:\/\/betes.bet\/pt-br\/wp-json\/wp\/v2\/comments?post=26210"}],"version-history":[{"count":6,"href":"https:\/\/betes.bet\/pt-br\/wp-json\/wp\/v2\/pages\/26210\/revisions"}],"predecessor-version":[{"id":98575,"href":"https:\/\/betes.bet\/pt-br\/wp-json\/wp\/v2\/pages\/26210\/revisions\/98575"}],"wp:attachment":[{"href":"https:\/\/betes.bet\/pt-br\/wp-json\/wp\/v2\/media?parent=26210"}],"curies":[{"name":"wp","href":"https:\/\/api.w.org\/{rel}","templated":true}]}}